{"id":994,"date":"2014-01-23T17:35:10","date_gmt":"2014-01-23T16:35:10","guid":{"rendered":"http:\/\/mnbruchepiemont.org\/?page_id=994"},"modified":"2024-09-03T09:39:26","modified_gmt":"2024-09-03T07:39:26","slug":"partenaires","status":"publish","type":"page","link":"https:\/\/mnbruchepiemont.org\/?page_id=994","title":{"rendered":"Partenaires institutionnels"},"content":{"rendered":"<p><a href=\"https:\/\/mnbruchepiemont.org\/WORDPRESS\/wp-content\/uploads\/logo-LEADER-FEADER.png\"><img loading=\"lazy\" decoding=\"async\" class=\"alignnone size-medium wp-image-5642\" src=\"https:\/\/mnbruchepiemont.org\/WORDPRESS\/wp-content\/uploads\/logo-LEADER-FEADER-300x157.png\" alt=\"\" width=\"300\" height=\"157\" srcset=\"https:\/\/mnbruchepiemont.org\/WORDPRESS\/wp-content\/uploads\/logo-LEADER-FEADER-300x157.png 300w, https:\/\/mnbruchepiemont.org\/WORDPRESS\/wp-content\/uploads\/logo-LEADER-FEADER-1024x535.png 1024w, https:\/\/mnbruchepiemont.org\/WORDPRESS\/wp-content\/uploads\/logo-LEADER-FEADER-768x401.png 768w, https:\/\/mnbruchepiemont.org\/WORDPRESS\/wp-content\/uploads\/logo-LEADER-FEADER-1536x803.png 1536w, https:\/\/mnbruchepiemont.org\/WORDPRESS\/wp-content\/uploads\/logo-LEADER-FEADER-2048x1070.png 2048w, https:\/\/mnbruchepiemont.org\/WORDPRESS\/wp-content\/uploads\/logo-LEADER-FEADER-500x261.png 500w\" sizes=\"auto, (max-width: 300px) 100vw, 300px\" \/><\/a><\/p>\n<p>&#8220;Projet de la f\u00eate de l&#8217;arbre financ\u00e9 \u00e0 80% sur les fonds LEADER&#8221;<\/p>\n<p><a href=\"http:\/\/ariena.org\" target=\"_blank\" rel=\"noopener noreferrer\"><img loading=\"lazy\" decoding=\"async\" class=\"alignnone size-full wp-image-996\" src=\"https:\/\/mnbruchepiemont.org\/WORDPRESS\/wp-content\/uploads\/Capture.jpg\" alt=\"Capture\" width=\"107\" height=\"107\" \/><\/a><\/p>\n<p><a href=\"https:\/\/mnbruchepiemont.org\/WORDPRESS\/wp-content\/uploads\/DREAL-Grand-Est.gif\"><img loading=\"lazy\" decoding=\"async\" class=\"alignnone size-full wp-image-2543\" src=\"https:\/\/mnbruchepiemont.org\/WORDPRESS\/wp-content\/uploads\/DREAL-Grand-Est.gif\" alt=\"\" width=\"112\" height=\"141\" \/><\/a><\/p>\n<p><a href=\"https:\/\/mnbruchepiemont.org\/?attachment_id=3839\" rel=\"attachment wp-att-3839\"><img loading=\"lazy\" decoding=\"async\" class=\"alignnone size-full wp-image-3839\" src=\"https:\/\/mnbruchepiemont.org\/WORDPRESS\/wp-content\/uploads\/DREALgrdEst.gif\" alt=\"\" width=\"140\" height=\"209\" \/><\/a><\/p>\n<p><a href=\"https:\/\/mnbruchepiemont.org\/WORDPRESS\/wp-content\/uploads\/collectivite-europeenne-alsace-cealogocouleurhorizontalsurfondblanc.png\"><img loading=\"lazy\" decoding=\"async\" class=\"alignnone size-medium wp-image-5948\" src=\"https:\/\/mnbruchepiemont.org\/WORDPRESS\/wp-content\/uploads\/collectivite-europeenne-alsace-cealogocouleurhorizontalsurfondblanc-300x97.png\" alt=\"\" width=\"300\" height=\"97\" srcset=\"https:\/\/mnbruchepiemont.org\/WORDPRESS\/wp-content\/uploads\/collectivite-europeenne-alsace-cealogocouleurhorizontalsurfondblanc-300x97.png 300w, https:\/\/mnbruchepiemont.org\/WORDPRESS\/wp-content\/uploads\/collectivite-europeenne-alsace-cealogocouleurhorizontalsurfondblanc-1024x332.png 1024w, https:\/\/mnbruchepiemont.org\/WORDPRESS\/wp-content\/uploads\/collectivite-europeenne-alsace-cealogocouleurhorizontalsurfondblanc-768x249.png 768w, https:\/\/mnbruchepiemont.org\/WORDPRESS\/wp-content\/uploads\/collectivite-europeenne-alsace-cealogocouleurhorizontalsurfondblanc-500x162.png 500w, https:\/\/mnbruchepiemont.org\/WORDPRESS\/wp-content\/uploads\/collectivite-europeenne-alsace-cealogocouleurhorizontalsurfondblanc.png 1494w\" sizes=\"auto, (max-width: 300px) 100vw, 300px\" \/><\/a><\/p>\n<p><a href=\"https:\/\/mnbruchepiemont.org\/WORDPRESS\/wp-content\/uploads\/GE_QUADRI_reduit.jpg\"><img loading=\"lazy\" decoding=\"async\" class=\"alignnone size-medium wp-image-2541\" src=\"https:\/\/mnbruchepiemont.org\/WORDPRESS\/wp-content\/uploads\/GE_QUADRI_reduit-300x92.jpg\" alt=\"\" width=\"300\" height=\"92\" srcset=\"https:\/\/mnbruchepiemont.org\/WORDPRESS\/wp-content\/uploads\/GE_QUADRI_reduit-300x92.jpg 300w, https:\/\/mnbruchepiemont.org\/WORDPRESS\/wp-content\/uploads\/GE_QUADRI_reduit.jpg 360w\" sizes=\"auto, (max-width: 300px) 100vw, 300px\" \/><\/a><\/p>\n<p>&nbsp;<\/p>\n<p><a href=\"https:\/\/mnbruchepiemont.org\/?attachment_id=3834\" rel=\"attachment wp-att-3834\"><img loading=\"lazy\" decoding=\"async\" class=\"alignnone size-full wp-image-3834\" src=\"https:\/\/mnbruchepiemont.org\/WORDPRESS\/wp-content\/uploads\/ComComRosheim.jpg\" alt=\"\" width=\"225\" height=\"225\" srcset=\"https:\/\/mnbruchepiemont.org\/WORDPRESS\/wp-content\/uploads\/ComComRosheim.jpg 225w, https:\/\/mnbruchepiemont.org\/WORDPRESS\/wp-content\/uploads\/ComComRosheim-150x150.jpg 150w\" sizes=\"auto, (max-width: 225px) 100vw, 225px\" \/><\/a><\/p>\n<p><a href=\"https:\/\/mnbruchepiemont.org\/?attachment_id=3835\" rel=\"attachment wp-att-3835\"><img loading=\"lazy\" decoding=\"async\" class=\"alignnone size-full wp-image-3835\" src=\"https:\/\/mnbruchepiemont.org\/WORDPRESS\/wp-content\/uploads\/Oberhaslach.jpg\" alt=\"\" width=\"200\" height=\"246\" \/><\/a><\/p>\n<p><a href=\"https:\/\/mnbruchepiemont.org\/WORDPRESS\/wp-content\/uploads\/AERM_2022-coul.jpg\"><img loading=\"lazy\" decoding=\"async\" class=\"alignnone size-medium wp-image-5949\" src=\"https:\/\/mnbruchepiemont.org\/WORDPRESS\/wp-content\/uploads\/AERM_2022-coul-300x90.jpg\" alt=\"\" width=\"300\" height=\"90\" srcset=\"https:\/\/mnbruchepiemont.org\/WORDPRESS\/wp-content\/uploads\/AERM_2022-coul-300x90.jpg 300w, https:\/\/mnbruchepiemont.org\/WORDPRESS\/wp-content\/uploads\/AERM_2022-coul-1024x309.jpg 1024w, https:\/\/mnbruchepiemont.org\/WORDPRESS\/wp-content\/uploads\/AERM_2022-coul-768x232.jpg 768w, https:\/\/mnbruchepiemont.org\/WORDPRESS\/wp-content\/uploads\/AERM_2022-coul-1536x463.jpg 1536w, https:\/\/mnbruchepiemont.org\/WORDPRESS\/wp-content\/uploads\/AERM_2022-coul-500x151.jpg 500w, https:\/\/mnbruchepiemont.org\/WORDPRESS\/wp-content\/uploads\/AERM_2022-coul.jpg 1615w\" sizes=\"auto, (max-width: 300px) 100vw, 300px\" \/><\/a><\/p>\n<p><a href=\"https:\/\/mnbruchepiemont.org\/WORDPRESS\/wp-content\/uploads\/Logo_SM_Bassin_de_lEhn_reduit-scaled.jpg\"><img loading=\"lazy\" decoding=\"async\" class=\"alignnone size-medium wp-image-5950\" src=\"https:\/\/mnbruchepiemont.org\/WORDPRESS\/wp-content\/uploads\/Logo_SM_Bassin_de_lEhn_reduit-300x283.jpg\" alt=\"\" width=\"300\" height=\"283\" srcset=\"https:\/\/mnbruchepiemont.org\/WORDPRESS\/wp-content\/uploads\/Logo_SM_Bassin_de_lEhn_reduit-300x283.jpg 300w, https:\/\/mnbruchepiemont.org\/WORDPRESS\/wp-content\/uploads\/Logo_SM_Bassin_de_lEhn_reduit-1024x965.jpg 1024w, https:\/\/mnbruchepiemont.org\/WORDPRESS\/wp-content\/uploads\/Logo_SM_Bassin_de_lEhn_reduit-768x724.jpg 768w, https:\/\/mnbruchepiemont.org\/WORDPRESS\/wp-content\/uploads\/Logo_SM_Bassin_de_lEhn_reduit-1536x1448.jpg 1536w, https:\/\/mnbruchepiemont.org\/WORDPRESS\/wp-content\/uploads\/Logo_SM_Bassin_de_lEhn_reduit-2048x1930.jpg 2048w, https:\/\/mnbruchepiemont.org\/WORDPRESS\/wp-content\/uploads\/Logo_SM_Bassin_de_lEhn_reduit-318x300.jpg 318w\" sizes=\"auto, (max-width: 300px) 100vw, 300px\" \/><\/a><\/p>\n","protected":false},"excerpt":{"rendered":"<p>&#8220;Projet de la f\u00eate de l&#8217;arbre financ\u00e9 \u00e0 80% sur les fonds LEADER&#8221; &nbsp;<\/p>\n","protected":false},"author":8,"featured_media":0,"parent":0,"menu_order":0,"comment_status":"closed","ping_status":"closed","template":"","meta":{"footnotes":""},"class_list":["post-994","page","type-page","status-publish","hentry"],"_links":{"self":[{"href":"https:\/\/mnbruchepiemont.org\/index.php?rest_route=\/wp\/v2\/pages\/994","targetHints":{"allow":["GET"]}}],"collection":[{"href":"https:\/\/mnbruchepiemont.org\/index.php?rest_route=\/wp\/v2\/pages"}],"about":[{"href":"https:\/\/mnbruchepiemont.org\/index.php?rest_route=\/wp\/v2\/types\/page"}],"author":[{"embeddable":true,"href":"https:\/\/mnbruchepiemont.org\/index.php?rest_route=\/wp\/v2\/users\/8"}],"replies":[{"embeddable":true,"href":"https:\/\/mnbruchepiemont.org\/index.php?rest_route=%2Fwp%2Fv2%2Fcomments&post=994"}],"version-history":[{"count":22,"href":"https:\/\/mnbruchepiemont.org\/index.php?rest_route=\/wp\/v2\/pages\/994\/revisions"}],"predecessor-version":[{"id":5968,"href":"https:\/\/mnbruchepiemont.org\/index.php?rest_route=\/wp\/v2\/pages\/994\/revisions\/5968"}],"wp:attachment":[{"href":"https:\/\/mnbruchepiemont.org\/index.php?rest_route=%2Fwp%2Fv2%2Fmedia&parent=994"}],"curies":[{"name":"wp","href":"https:\/\/api.w.org\/{rel}","templated":true}]}}