{"id":64,"date":"2013-04-30T22:11:27","date_gmt":"2013-04-30T21:11:27","guid":{"rendered":"http:\/\/mnbruchepiemont.org\/WORDPRESS\/?page_id=64"},"modified":"2025-03-05T16:07:01","modified_gmt":"2025-03-05T15:07:01","slug":"ou","status":"publish","type":"page","link":"https:\/\/mnbruchepiemont.org\/?page_id=64","title":{"rendered":"Nous joindre et nous trouver"},"content":{"rendered":"<h2><strong>Nous sommes \u00e0 Oberhaslach.<\/strong><\/h2>\n<p>Nous n&#8217;assurons pas de permanence dans nos bureaux ni d&#8217;accueil t\u00e9l\u00e9phonique lorsque nous sommes en animation. Toutefois, vous pouvez nous contacter afin de d\u00e9finir un rendez-vous si n\u00e9cessaire.<\/p>\n<p>Nos bureaux sont ferm\u00e9s les samedis et dimanches.<\/p>\n<p><span style=\"text-decoration: underline;\">Pour joindre la coordination<br \/>\n<\/span>&#8211; T\u00e9l\u00e9phone fixe : 09 53 17 41 23<br \/>\n&#8211; Courriel : contact&lt;at&gt;mnbruchepiemont.org<br \/>\nremplacer &lt;at&gt; par @<\/p>\n<p><span style=\"text-decoration: underline;\">Pour joindre l&#8217;\u00e9quipe d&#8217;animation<\/span><br \/>\n&#8211; Portable : 06.76.84.34.53<\/p>\n<p>Nos bureaux sont \u00e0 l&#8217;adresse suivante:<\/p>\n<p>Maison de la Nature Bruche Pi\u00e9mont,<br \/>\n24 rue du Nideck 67280 OBERHASLACH<\/p>\n<h2><strong><a href=\"https:\/\/mnbruchepiemont.org\/?attachment_id=5035\" rel=\"attachment wp-att-5035\"><img loading=\"lazy\" decoding=\"async\" class=\"alignnone size-medium wp-image-5035\" src=\"https:\/\/mnbruchepiemont.org\/WORDPRESS\/wp-content\/uploads\/IMG_20211216_121306_01-225x300.jpg\" alt=\"\" width=\"225\" height=\"300\" srcset=\"https:\/\/mnbruchepiemont.org\/WORDPRESS\/wp-content\/uploads\/IMG_20211216_121306_01-225x300.jpg 225w, https:\/\/mnbruchepiemont.org\/WORDPRESS\/wp-content\/uploads\/IMG_20211216_121306_01-768x1024.jpg 768w, https:\/\/mnbruchepiemont.org\/WORDPRESS\/wp-content\/uploads\/IMG_20211216_121306_01-1152x1536.jpg 1152w, https:\/\/mnbruchepiemont.org\/WORDPRESS\/wp-content\/uploads\/IMG_20211216_121306_01-1536x2048.jpg 1536w, https:\/\/mnbruchepiemont.org\/WORDPRESS\/wp-content\/uploads\/IMG_20211216_121306_01-scaled.jpg 1920w\" sizes=\"auto, (max-width: 225px) 100vw, 225px\" \/><\/a><\/strong><\/h2>\n<p>Les animations \u00e0 Oberhaslach sont en g\u00e9n\u00e9rale faites \u00e0 c\u00f4t\u00e9 de l&#8217;espace nature :<\/p>\n<p><span style=\"text-decoration: underline;\">Espace nature derri\u00e8re la salle polyvalente, 53 rue du Nideck\u00a0\u00e0 Oberhaslach,<\/span><\/p>\n<p>Voir o\u00f9 se situe la salle polyvalente en 3C du Plan d&#8217;Oberhaslach ci-dessous<\/p>\n<a href=\"https:\/\/mnbruchepiemont.org\/WORDPRESS\/wp-content\/uploads\/plan-rues-oberhaslach.pdf\" class=\"pdfemb-viewer\" style=\"\" data-width=\"max\" data-height=\"max\" data-toolbar=\"bottom\" data-toolbar-fixed=\"on\">plan-rues-oberhaslach<\/a>\n<p>&nbsp;<\/p>\n<p>&nbsp;<\/p>\n","protected":false},"excerpt":{"rendered":"<p>Nous sommes \u00e0 Oberhaslach. Nous n&#8217;assurons pas de permanence dans nos bureaux ni d&#8217;accueil t\u00e9l\u00e9phonique lorsque nous sommes en animation. Toutefois, vous pouvez nous contacter afin de d\u00e9finir un rendez-vous si n\u00e9cessaire. Nos bureaux sont ferm\u00e9s les samedis et dimanches. &hellip; <a href=\"https:\/\/mnbruchepiemont.org\/?page_id=64\">Continuer la lecture <span class=\"meta-nav\">&rarr;<\/span><\/a><\/p>\n","protected":false},"author":8,"featured_media":0,"parent":0,"menu_order":5,"comment_status":"closed","ping_status":"closed","template":"","meta":{"footnotes":""},"class_list":["post-64","page","type-page","status-publish","hentry"],"_links":{"self":[{"href":"https:\/\/mnbruchepiemont.org\/index.php?rest_route=\/wp\/v2\/pages\/64","targetHints":{"allow":["GET"]}}],"collection":[{"href":"https:\/\/mnbruchepiemont.org\/index.php?rest_route=\/wp\/v2\/pages"}],"about":[{"href":"https:\/\/mnbruchepiemont.org\/index.php?rest_route=\/wp\/v2\/types\/page"}],"author":[{"embeddable":true,"href":"https:\/\/mnbruchepiemont.org\/index.php?rest_route=\/wp\/v2\/users\/8"}],"replies":[{"embeddable":true,"href":"https:\/\/mnbruchepiemont.org\/index.php?rest_route=%2Fwp%2Fv2%2Fcomments&post=64"}],"version-history":[{"count":45,"href":"https:\/\/mnbruchepiemont.org\/index.php?rest_route=\/wp\/v2\/pages\/64\/revisions"}],"predecessor-version":[{"id":6089,"href":"https:\/\/mnbruchepiemont.org\/index.php?rest_route=\/wp\/v2\/pages\/64\/revisions\/6089"}],"wp:attachment":[{"href":"https:\/\/mnbruchepiemont.org\/index.php?rest_route=%2Fwp%2Fv2%2Fmedia&parent=64"}],"curies":[{"name":"wp","href":"https:\/\/api.w.org\/{rel}","templated":true}]}}