{"id":4956,"date":"2021-10-08T18:37:03","date_gmt":"2021-10-08T16:37:03","guid":{"rendered":"https:\/\/mnbruchepiemont.org\/?page_id=4956"},"modified":"2021-10-16T11:06:51","modified_gmt":"2021-10-16T09:06:51","slug":"fete-de-larbre-animation-du-dimanche-24-octobre-2021","status":"publish","type":"page","link":"https:\/\/mnbruchepiemont.org\/?page_id=4956","title":{"rendered":"F\u00eate de l&#8217;arbre &#8211; Animation du dimanche 24 octobre 2021"},"content":{"rendered":"<p class=\"western\"><strong>Maison des P\u00eacheurs :<\/strong><\/p>\n<ul>\n<li class=\"western\">14h00 Conf\u00e9rence \u00ab Yggdrasil, l\u2019arbre cosmique \u00bb Roger Hellot, pr\u00e9sident F4A (astronomes)<\/li>\n<li class=\"western\">15h00 Conf\u00e9rence \u00ab Les effets du changement climatique sur les for\u00eats du Grand Est \u00bb par C\u00e9dric Ficht, Directeur de l\u2019agence ONF de Schirmeck<\/li>\n<li>Expo arbres (hors conf\u00e9rence)<\/li>\n<li>Bar \u00e0 l\u2019ext\u00e9rieur<\/li>\n<\/ul>\n<p class=\"western\"><strong>Tentes ext\u00e9rieures et Terrasse maison des p\u00eacheurs\u00a0: <\/strong><\/p>\n<ul>\n<li><span lang=\"en-GB\">Stand accueil &#8211; info &#8211; jury<\/span><\/li>\n<li class=\"western\">Jeux forestiers<\/li>\n<li class=\"western\">Expo mycologique (soci\u00e9t\u00e9 mycologique)<\/li>\n<li class=\"western\"><span lang=\"en-GB\">Expo artistes<\/span><\/li>\n<li class=\"western\"><span lang=\"en-GB\">Fresque du Climat<\/span><\/li>\n<li class=\"western\">Expo des \u0153uvres du concours scolaire<\/li>\n<li class=\"western\">Conseils sur les arbres fruitiers par la SAJ Mutzig (Plantations, soin, taille, greffe,&#8230;) ainsi que vente d&#8217;arbres.<\/li>\n<\/ul>\n<p class=\"western\"><strong><span lang=\"en-GB\">Yourte\u00a0:<\/span><\/strong><\/p>\n<ul>\n<li>14h15 Contes\u00a0<a href=\"https:\/\/www.helloasso.com\/associations\/maison-de-la-nature-bruche-piemont\/evenements\/contes\" target=\"_blank\" rel=\"noopener\">Inscription atelier Contes obligatoire ici<\/a><\/li>\n<li>15h00 Atelier philo\u00a0<a href=\"https:\/\/www.helloasso.com\/associations\/maison-de-la-nature-bruche-piemont\/evenements\/atelier-philo-atelier-de-reflexion-sur-la-condition-humaine-1\" target=\"_blank\" rel=\"noopener\">Inscription atelier Philo obligatoire ici<\/a><\/li>\n<li>16h00 Atelier d&#8217;\u00e9criture\u00a0<a href=\"https:\/\/www.helloasso.com\/associations\/maison-de-la-nature-bruche-piemont\/evenements\/atelier-d-ecriture\" target=\"_blank\" rel=\"noopener\">Inscription atelier \u00e9criture obligatoire ici<\/a><\/li>\n<li>17h00 pr\u00e8s de la yourte, plantation de l&#8217;\u00ab arbre de vie \u00bb par les enfants pr\u00e9sents sur site<\/li>\n<\/ul>\n<p class=\"western\"><strong>Animations ext\u00e9rieures\u00a0:<\/strong><\/p>\n<ul>\n<li>10 \u00e0 12 h (seule animation se d\u00e9roulant le matin) : sortie OFB par Gilles Nonnenmacher <a href=\"https:\/\/www.helloasso.com\/associations\/maison-de-la-nature-bruche-piemont\/evenements\/reconnaissance-des-animaux-famille-2\" target=\"_blank\" rel=\"noopener\">Inscription sortie &#8220;OFB&#8221; obligatoire ici<\/a><\/li>\n<li>14h00 balade mycologique par M. Schott, pr\u00e9sident de la soci\u00e9t\u00e9 mycologique d\u2019Alsace <a href=\"https:\/\/www.helloasso.com\/associations\/maison-de-la-nature-bruche-piemont\/evenements\/sortie-reconnaissance-champignons\" target=\"_blank\" rel=\"noopener\">Inscription sortie &#8220;Myco&#8221; obligatoire ici<\/a><\/li>\n<li>16h00 Sortie Yoga plein-air\u00a0<a href=\"https:\/\/www.helloasso.com\/associations\/maison-de-la-nature-bruche-piemont\/evenements\/dd\" target=\"_blank\" rel=\"noopener\">Inscription sortie Yoga obligatoire ici<\/a><\/li>\n<li>En continu : jeu de piste ONF<\/li>\n<li>Stand d\u2019information : RCPO R\u00e9seau cardio pr\u00e9vention ob\u00e9sit\u00e9<\/li>\n<\/ul>\n<p><a href=\"https:\/\/www.helloasso.com\/associations\/maison-de-la-nature-bruche-piemont\" target=\"_blank\" rel=\"noopener\">Acc\u00e8s \u00e0 toutes les inscriptions ateliers, sorties et adh\u00e9sion en ligne<\/a><\/p>\n","protected":false},"excerpt":{"rendered":"<p>Maison des P\u00eacheurs : 14h00 Conf\u00e9rence \u00ab Yggdrasil, l\u2019arbre cosmique \u00bb Roger Hellot, pr\u00e9sident F4A (astronomes) 15h00 Conf\u00e9rence \u00ab Les effets du changement climatique sur les for\u00eats du Grand Est \u00bb par C\u00e9dric Ficht, Directeur de l\u2019agence ONF de Schirmeck &hellip; <a href=\"https:\/\/mnbruchepiemont.org\/?page_id=4956\">Continuer la lecture <span class=\"meta-nav\">&rarr;<\/span><\/a><\/p>\n","protected":false},"author":8,"featured_media":0,"parent":0,"menu_order":0,"comment_status":"closed","ping_status":"closed","template":"","meta":{"footnotes":""},"class_list":["post-4956","page","type-page","status-publish","hentry"],"_links":{"self":[{"href":"https:\/\/mnbruchepiemont.org\/index.php?rest_route=\/wp\/v2\/pages\/4956","targetHints":{"allow":["GET"]}}],"collection":[{"href":"https:\/\/mnbruchepiemont.org\/index.php?rest_route=\/wp\/v2\/pages"}],"about":[{"href":"https:\/\/mnbruchepiemont.org\/index.php?rest_route=\/wp\/v2\/types\/page"}],"author":[{"embeddable":true,"href":"https:\/\/mnbruchepiemont.org\/index.php?rest_route=\/wp\/v2\/users\/8"}],"replies":[{"embeddable":true,"href":"https:\/\/mnbruchepiemont.org\/index.php?rest_route=%2Fwp%2Fv2%2Fcomments&post=4956"}],"version-history":[{"count":37,"href":"https:\/\/mnbruchepiemont.org\/index.php?rest_route=\/wp\/v2\/pages\/4956\/revisions"}],"predecessor-version":[{"id":5002,"href":"https:\/\/mnbruchepiemont.org\/index.php?rest_route=\/wp\/v2\/pages\/4956\/revisions\/5002"}],"wp:attachment":[{"href":"https:\/\/mnbruchepiemont.org\/index.php?rest_route=%2Fwp%2Fv2%2Fmedia&parent=4956"}],"curies":[{"name":"wp","href":"https:\/\/api.w.org\/{rel}","templated":true}]}}