{"id":4646,"date":"2020-11-15T20:34:12","date_gmt":"2020-11-15T19:34:12","guid":{"rendered":"http:\/\/mnbruchepiemont.org\/?page_id=4646"},"modified":"2023-03-25T19:06:08","modified_gmt":"2023-03-25T18:06:08","slug":"autoportraits","status":"publish","type":"page","link":"https:\/\/mnbruchepiemont.org\/?page_id=4646","title":{"rendered":"Autoportraits"},"content":{"rendered":"<div class=\"_1mf _1mj\">Voici les acteurs de la Maison de la Nature \u00e0 travers quelques autoportraits que les salari\u00e9es, b\u00e9n\u00e9voles et partenaires ont bien voulu nous transmettre.<\/div>\n<div><\/div>\n<div class=\"_1mf _1mj\">\n<p><strong>Premier autoportrait.<\/strong><\/p>\n<\/div>\n<div>\n<p>&#8220;C&#8217;est avec Eric que la s\u00e9rie continue.\u00a0<span class=\"_3gl1 _5zz4\"><span class=\"_ncl\">&#x1f33f;<\/span><\/span>\u00a0Il est secr\u00e9taire au Conseil d&#8217;Administration depuis plusieurs ann\u00e9es\u00a0<span class=\"_3gl1 _5zz4\"><span class=\"_ncl\">&#x1f6f6;<\/span><\/span><span class=\"_3gl1 _5zz4\"><span class=\"_ncl\">&#x1f3a5;&#8221;<\/span><\/span><\/p>\n<p><a href=\"https:\/\/mnbruchepiemont.org\/?attachment_id=4653\" rel=\"attachment wp-att-4653\"><img loading=\"lazy\" decoding=\"async\" class=\"alignnone size-medium wp-image-4653\" src=\"https:\/\/mnbruchepiemont.org\/WORDPRESS\/wp-content\/uploads\/Autoportrait-EricMNBP-212x300.jpg\" alt=\"\" width=\"212\" height=\"300\" srcset=\"https:\/\/mnbruchepiemont.org\/WORDPRESS\/wp-content\/uploads\/Autoportrait-EricMNBP-212x300.jpg 212w, https:\/\/mnbruchepiemont.org\/WORDPRESS\/wp-content\/uploads\/Autoportrait-EricMNBP-725x1024.jpg 725w, https:\/\/mnbruchepiemont.org\/WORDPRESS\/wp-content\/uploads\/Autoportrait-EricMNBP-768x1085.jpg 768w, https:\/\/mnbruchepiemont.org\/WORDPRESS\/wp-content\/uploads\/Autoportrait-EricMNBP-1087x1536.jpg 1087w, https:\/\/mnbruchepiemont.org\/WORDPRESS\/wp-content\/uploads\/Autoportrait-EricMNBP.jpg 1241w\" sizes=\"auto, (max-width: 212px) 100vw, 212px\" \/><\/a><\/p>\n<p><strong>Deuxi\u00e8me autoportrait :<\/strong><\/p>\n<\/div>\n<p>Laetitia est partenaire de la Maison de la Nature avec son entreprise\u00a0<span class=\"_247o\">Naturez-Soi &#8211; Sylvoth\u00e9rapie et Reiki<\/span>. Cela fait deux ann\u00e9es qu&#8217;elle participe activement \u00e0 l&#8217;activit\u00e9 b\u00e9n\u00e9vole, en proposant des s\u00e9ances de sylvoth\u00e9rapie aux familles et en permettant la d\u00e9couverte de cette pratique aux enfants dans nos clubs.<span class=\"_3gl1 _5zz4\"><span class=\"_ncl\">&#x1f333;<\/span><\/span><span class=\"_3gl1 _5zz4\"><span class=\"_ncl\">&#x1f33f;<\/span><\/span><span class=\"_3gl1 _5zz4\"><span class=\"_ncl\">&#x1f332;<\/span><\/span>\u00a0Cette ann\u00e9e, elle est m\u00eame devenue membre du Conseil d&#8217;Administration.\u00a0<span class=\"_3gl1 _5zz4\"><span class=\"_ncl\">&#x1f929;<\/span><\/span><span class=\"_3gl1 _5zz4\"><span class=\"_ncl\">&#x1f917;<br \/>\n<\/span><\/span><span id=\"OBJ_PREFIX_DWT314_com_zimbra_url\" class=\"Object\" role=\"link\"><a href=\"https:\/\/business.facebook.com\/maisondelanaturebruchepiemont\/videos\/460170938282279\/\" target=\"_blank\" rel=\"nofollow noopener noreferrer\">https:\/\/business.facebook.com\/maisondelanaturebruchepiemont\/videos\/460170938282279\/<\/a><\/span><\/p>\n<p><strong>Troisi\u00e8me autoportrait :<br \/>\n<\/strong><br \/>\nJean-Claude est membre fondateur et Pr\u00e9sident de l&#8217;association. Tr\u00e8s actif et attach\u00e9 au territoire d\u00e9di\u00e9 \u00e0 la MNBP, il est passionn\u00e9 par le jardinage, la p\u00eache et les oiseaux. <span class=\"_3gl1 _5zz4\"><span class=\"_ncl\">&#x1f426;<\/span><\/span><span class=\"_3gl1 _5zz4\"><span class=\"_ncl\">&#x1f344;<\/span><\/span><span class=\"_3gl1 _5zz4\"><span class=\"_ncl\">&#x1f345;<\/span><\/span><span class=\"_3gl1 _5zz4\"><span class=\"_ncl\">&#x1f955;<\/span><\/span><span class=\"_3gl1 _5zz4\"><span class=\"_ncl\">&#x1f41f;<\/span><\/span><span class=\"_3gl1 _5zz4\"><span class=\"_ncl\">&#x1f99e;<\/span><\/span><\/p>\n<a href=\"https:\/\/mnbruchepiemont.org\/WORDPRESS\/wp-content\/uploads\/Autoportrait-Jean-ClaudeMNBP.pdf\" class=\"pdfemb-viewer\" style=\"\" data-width=\"max\" data-height=\"max\" data-toolbar=\"bottom\" data-toolbar-fixed=\"on\">Autoportrait Jean-ClaudeMNBP<\/a>\n","protected":false},"excerpt":{"rendered":"<p>Voici les acteurs de la Maison de la Nature \u00e0 travers quelques autoportraits que les salari\u00e9es, b\u00e9n\u00e9voles et partenaires ont bien voulu nous transmettre. Premier autoportrait. &#8220;C&#8217;est avec Eric que la s\u00e9rie continue.\u00a0&#x1f33f;\u00a0Il est secr\u00e9taire au Conseil d&#8217;Administration depuis plusieurs &hellip; <a href=\"https:\/\/mnbruchepiemont.org\/?page_id=4646\">Continuer la lecture <span class=\"meta-nav\">&rarr;<\/span><\/a><\/p>\n","protected":false},"author":8,"featured_media":0,"parent":0,"menu_order":0,"comment_status":"closed","ping_status":"closed","template":"","meta":{"footnotes":""},"class_list":["post-4646","page","type-page","status-publish","hentry"],"_links":{"self":[{"href":"https:\/\/mnbruchepiemont.org\/index.php?rest_route=\/wp\/v2\/pages\/4646","targetHints":{"allow":["GET"]}}],"collection":[{"href":"https:\/\/mnbruchepiemont.org\/index.php?rest_route=\/wp\/v2\/pages"}],"about":[{"href":"https:\/\/mnbruchepiemont.org\/index.php?rest_route=\/wp\/v2\/types\/page"}],"author":[{"embeddable":true,"href":"https:\/\/mnbruchepiemont.org\/index.php?rest_route=\/wp\/v2\/users\/8"}],"replies":[{"embeddable":true,"href":"https:\/\/mnbruchepiemont.org\/index.php?rest_route=%2Fwp%2Fv2%2Fcomments&post=4646"}],"version-history":[{"count":17,"href":"https:\/\/mnbruchepiemont.org\/index.php?rest_route=\/wp\/v2\/pages\/4646\/revisions"}],"predecessor-version":[{"id":5469,"href":"https:\/\/mnbruchepiemont.org\/index.php?rest_route=\/wp\/v2\/pages\/4646\/revisions\/5469"}],"wp:attachment":[{"href":"https:\/\/mnbruchepiemont.org\/index.php?rest_route=%2Fwp%2Fv2%2Fmedia&parent=4646"}],"curies":[{"name":"wp","href":"https:\/\/api.w.org\/{rel}","templated":true}]}}