{"id":4285,"date":"2020-05-24T21:54:41","date_gmt":"2020-05-24T19:54:41","guid":{"rendered":"http:\/\/mnbruchepiemont.org\/?page_id=4285"},"modified":"2020-06-16T16:50:08","modified_gmt":"2020-06-16T14:50:08","slug":"faucon-pelerin","status":"publish","type":"page","link":"https:\/\/mnbruchepiemont.org\/?page_id=4285","title":{"rendered":"Faucon p\u00e9lerin"},"content":{"rendered":"<p><a href=\"https:\/\/mnbruchepiemont.org\/?attachment_id=4281\" rel=\"attachment wp-att-4281\"><img loading=\"lazy\" decoding=\"async\" class=\"alignnone size-medium wp-image-4281\" src=\"https:\/\/mnbruchepiemont.org\/WORDPRESS\/wp-content\/uploads\/20200422-120321-300x139.png\" alt=\"\" width=\"300\" height=\"139\" srcset=\"https:\/\/mnbruchepiemont.org\/WORDPRESS\/wp-content\/uploads\/20200422-120321-300x139.png 300w, https:\/\/mnbruchepiemont.org\/WORDPRESS\/wp-content\/uploads\/20200422-120321-768x356.png 768w, https:\/\/mnbruchepiemont.org\/WORDPRESS\/wp-content\/uploads\/20200422-120321-1024x474.png 1024w, https:\/\/mnbruchepiemont.org\/WORDPRESS\/wp-content\/uploads\/20200422-120321-500x232.png 500w\" sizes=\"auto, (max-width: 300px) 100vw, 300px\" \/>22 avril 2020<\/a><a href=\"https:\/\/mnbruchepiemont.org\/?attachment_id=4282\" rel=\"attachment wp-att-4282\"><img loading=\"lazy\" decoding=\"async\" class=\"alignnone size-medium wp-image-4282\" src=\"https:\/\/mnbruchepiemont.org\/WORDPRESS\/wp-content\/uploads\/20200424-092928-300x159.png\" alt=\"\" width=\"300\" height=\"159\" srcset=\"https:\/\/mnbruchepiemont.org\/WORDPRESS\/wp-content\/uploads\/20200424-092928-300x159.png 300w, https:\/\/mnbruchepiemont.org\/WORDPRESS\/wp-content\/uploads\/20200424-092928-768x407.png 768w, https:\/\/mnbruchepiemont.org\/WORDPRESS\/wp-content\/uploads\/20200424-092928-1024x543.png 1024w, https:\/\/mnbruchepiemont.org\/WORDPRESS\/wp-content\/uploads\/20200424-092928-500x265.png 500w\" sizes=\"auto, (max-width: 300px) 100vw, 300px\" \/>24 avril 2020<\/a><a href=\"https:\/\/mnbruchepiemont.org\/?attachment_id=4283\" rel=\"attachment wp-att-4283\"><img loading=\"lazy\" decoding=\"async\" class=\"alignnone size-medium wp-image-4283\" src=\"https:\/\/mnbruchepiemont.org\/WORDPRESS\/wp-content\/uploads\/20200518-080145-300x157.png\" alt=\"\" width=\"300\" height=\"157\" srcset=\"https:\/\/mnbruchepiemont.org\/WORDPRESS\/wp-content\/uploads\/20200518-080145-300x157.png 300w, https:\/\/mnbruchepiemont.org\/WORDPRESS\/wp-content\/uploads\/20200518-080145-768x403.png 768w, https:\/\/mnbruchepiemont.org\/WORDPRESS\/wp-content\/uploads\/20200518-080145-1024x537.png 1024w, https:\/\/mnbruchepiemont.org\/WORDPRESS\/wp-content\/uploads\/20200518-080145-500x262.png 500w\" sizes=\"auto, (max-width: 300px) 100vw, 300px\" \/>18 mai 2020<\/a><a href=\"https:\/\/mnbruchepiemont.org\/?attachment_id=4284\" rel=\"attachment wp-att-4284\"><img loading=\"lazy\" decoding=\"async\" class=\"alignnone size-medium wp-image-4284\" src=\"https:\/\/mnbruchepiemont.org\/WORDPRESS\/wp-content\/uploads\/20200524-191209-Faucon-p\u00e9lerin-300x170.jpg\" alt=\"\" width=\"300\" height=\"170\" srcset=\"https:\/\/mnbruchepiemont.org\/WORDPRESS\/wp-content\/uploads\/20200524-191209-Faucon-p\u00e9lerin-300x170.jpg 300w, https:\/\/mnbruchepiemont.org\/WORDPRESS\/wp-content\/uploads\/20200524-191209-Faucon-p\u00e9lerin-768x436.jpg 768w, https:\/\/mnbruchepiemont.org\/WORDPRESS\/wp-content\/uploads\/20200524-191209-Faucon-p\u00e9lerin-500x284.jpg 500w, https:\/\/mnbruchepiemont.org\/WORDPRESS\/wp-content\/uploads\/20200524-191209-Faucon-p\u00e9lerin.jpg 777w\" sizes=\"auto, (max-width: 300px) 100vw, 300px\" \/>24 mai 2020<\/a><br \/>\n<a href=\"https:\/\/mnbruchepiemont.org\/?attachment_id=4344\" rel=\"attachment wp-att-4344\"><img loading=\"lazy\" decoding=\"async\" class=\"alignnone size-medium wp-image-4344\" src=\"https:\/\/mnbruchepiemont.org\/WORDPRESS\/wp-content\/uploads\/20200526-191300-300x169.png\" alt=\"\" width=\"300\" height=\"169\" srcset=\"https:\/\/mnbruchepiemont.org\/WORDPRESS\/wp-content\/uploads\/20200526-191300-300x169.png 300w, https:\/\/mnbruchepiemont.org\/WORDPRESS\/wp-content\/uploads\/20200526-191300-768x432.png 768w, https:\/\/mnbruchepiemont.org\/WORDPRESS\/wp-content\/uploads\/20200526-191300-1024x576.png 1024w, https:\/\/mnbruchepiemont.org\/WORDPRESS\/wp-content\/uploads\/20200526-191300-500x281.png 500w, https:\/\/mnbruchepiemont.org\/WORDPRESS\/wp-content\/uploads\/20200526-191300.png 1600w\" sizes=\"auto, (max-width: 300px) 100vw, 300px\" \/><\/a>26 mai 2020 &#8211; pr\u00eat \u00e0 partir?<br \/>\n<a href=\"https:\/\/mnbruchepiemont.org\/?attachment_id=4353\" rel=\"attachment wp-att-4353\"><img loading=\"lazy\" decoding=\"async\" class=\"alignnone size-medium wp-image-4353\" src=\"https:\/\/mnbruchepiemont.org\/WORDPRESS\/wp-content\/uploads\/20200527-152600-300x169.png\" alt=\"\" width=\"300\" height=\"169\" srcset=\"https:\/\/mnbruchepiemont.org\/WORDPRESS\/wp-content\/uploads\/20200527-152600-300x169.png 300w, https:\/\/mnbruchepiemont.org\/WORDPRESS\/wp-content\/uploads\/20200527-152600-768x432.png 768w, https:\/\/mnbruchepiemont.org\/WORDPRESS\/wp-content\/uploads\/20200527-152600-1024x576.png 1024w, https:\/\/mnbruchepiemont.org\/WORDPRESS\/wp-content\/uploads\/20200527-152600-500x281.png 500w, https:\/\/mnbruchepiemont.org\/WORDPRESS\/wp-content\/uploads\/20200527-152600.png 1600w\" sizes=\"auto, (max-width: 300px) 100vw, 300px\" \/><\/a>27 mai 2020 &#8211; toujours l\u00e0&#8230;<\/p>\n<p><a href=\"https:\/\/mnbruchepiemont.org\/?attachment_id=4377\" rel=\"attachment wp-att-4377\"><img loading=\"lazy\" decoding=\"async\" class=\"alignnone size-medium wp-image-4377\" src=\"https:\/\/mnbruchepiemont.org\/WORDPRESS\/wp-content\/uploads\/20200529-184200-300x169.png\" alt=\"\" width=\"300\" height=\"169\" srcset=\"https:\/\/mnbruchepiemont.org\/WORDPRESS\/wp-content\/uploads\/20200529-184200-300x169.png 300w, https:\/\/mnbruchepiemont.org\/WORDPRESS\/wp-content\/uploads\/20200529-184200-768x432.png 768w, https:\/\/mnbruchepiemont.org\/WORDPRESS\/wp-content\/uploads\/20200529-184200-1024x576.png 1024w, https:\/\/mnbruchepiemont.org\/WORDPRESS\/wp-content\/uploads\/20200529-184200-500x281.png 500w, https:\/\/mnbruchepiemont.org\/WORDPRESS\/wp-content\/uploads\/20200529-184200.png 1600w\" sizes=\"auto, (max-width: 300px) 100vw, 300px\" \/><\/a>29 mai 2020 les &#8220;petits&#8221; \u00e9tirent souvent leurs ailes. Ils observent longuement le paysage. Il faut dire que la vue est belle&#8230;<\/p>\n<p><a href=\"https:\/\/mnbruchepiemont.org\/?attachment_id=4392\" rel=\"attachment wp-att-4392\"><img loading=\"lazy\" decoding=\"async\" class=\"alignnone size-medium wp-image-4392\" src=\"https:\/\/mnbruchepiemont.org\/WORDPRESS\/wp-content\/uploads\/20200531-093500-300x169.png\" alt=\"\" width=\"300\" height=\"169\" srcset=\"https:\/\/mnbruchepiemont.org\/WORDPRESS\/wp-content\/uploads\/20200531-093500-300x169.png 300w, https:\/\/mnbruchepiemont.org\/WORDPRESS\/wp-content\/uploads\/20200531-093500-768x432.png 768w, https:\/\/mnbruchepiemont.org\/WORDPRESS\/wp-content\/uploads\/20200531-093500-1024x576.png 1024w, https:\/\/mnbruchepiemont.org\/WORDPRESS\/wp-content\/uploads\/20200531-093500-500x281.png 500w, https:\/\/mnbruchepiemont.org\/WORDPRESS\/wp-content\/uploads\/20200531-093500.png 1600w\" sizes=\"auto, (max-width: 300px) 100vw, 300px\" \/><\/a>31 mai 2020<\/p>\n<p><a href=\"https:\/\/mnbruchepiemont.org\/?attachment_id=4393\" rel=\"attachment wp-att-4393\"><img loading=\"lazy\" decoding=\"async\" class=\"alignnone size-medium wp-image-4393\" src=\"https:\/\/mnbruchepiemont.org\/WORDPRESS\/wp-content\/uploads\/20200531-120500-300x169.png\" alt=\"\" width=\"300\" height=\"169\" srcset=\"https:\/\/mnbruchepiemont.org\/WORDPRESS\/wp-content\/uploads\/20200531-120500-300x169.png 300w, https:\/\/mnbruchepiemont.org\/WORDPRESS\/wp-content\/uploads\/20200531-120500-768x432.png 768w, https:\/\/mnbruchepiemont.org\/WORDPRESS\/wp-content\/uploads\/20200531-120500-1024x576.png 1024w, https:\/\/mnbruchepiemont.org\/WORDPRESS\/wp-content\/uploads\/20200531-120500-500x281.png 500w, https:\/\/mnbruchepiemont.org\/WORDPRESS\/wp-content\/uploads\/20200531-120500.png 1600w\" sizes=\"auto, (max-width: 300px) 100vw, 300px\" \/><\/a>31 mai 2020<\/p>\n<p>De plus en plus aux aguets<br \/>\n<a href=\"https:\/\/mnbruchepiemont.org\/?attachment_id=4411\" rel=\"attachment wp-att-4411\"><img loading=\"lazy\" decoding=\"async\" class=\"alignnone size-medium wp-image-4411\" src=\"https:\/\/mnbruchepiemont.org\/WORDPRESS\/wp-content\/uploads\/20200601-093500-300x169.png\" alt=\"\" width=\"300\" height=\"169\" srcset=\"https:\/\/mnbruchepiemont.org\/WORDPRESS\/wp-content\/uploads\/20200601-093500-300x169.png 300w, https:\/\/mnbruchepiemont.org\/WORDPRESS\/wp-content\/uploads\/20200601-093500-768x432.png 768w, https:\/\/mnbruchepiemont.org\/WORDPRESS\/wp-content\/uploads\/20200601-093500-1024x576.png 1024w, https:\/\/mnbruchepiemont.org\/WORDPRESS\/wp-content\/uploads\/20200601-093500-500x281.png 500w, https:\/\/mnbruchepiemont.org\/WORDPRESS\/wp-content\/uploads\/20200601-093500.png 1600w\" sizes=\"auto, (max-width: 300px) 100vw, 300px\" \/>01 juin 2020<\/a><br \/>\nLe 1er juin (le dernier \u0153uf a \u00e9clos le 23 avril peu avant 22h) 3 des 4 jeunes sont descendus sur la plate-forme. Ils passent sous la grille bleu et ont une aire pour s\u2019entra\u00eener au vol. Sur la photo ci-dessus un est encore dans le nid et 2 sur le bord de la plate-forme, l&#8217;un couch\u00e9 que l&#8217;on voit sous la grille et le deuxi\u00e8me derri\u00e8re celui qui \u00e9tire ses ailes.<\/p>\n<p><a href=\"https:\/\/mnbruchepiemont.org\/?attachment_id=4412\" rel=\"attachment wp-att-4412\"><img loading=\"lazy\" decoding=\"async\" class=\"alignnone size-medium wp-image-4412\" src=\"https:\/\/mnbruchepiemont.org\/WORDPRESS\/wp-content\/uploads\/20200602-183300-300x169.png\" alt=\"\" width=\"300\" height=\"169\" srcset=\"https:\/\/mnbruchepiemont.org\/WORDPRESS\/wp-content\/uploads\/20200602-183300-300x169.png 300w, https:\/\/mnbruchepiemont.org\/WORDPRESS\/wp-content\/uploads\/20200602-183300-768x432.png 768w, https:\/\/mnbruchepiemont.org\/WORDPRESS\/wp-content\/uploads\/20200602-183300-1024x576.png 1024w, https:\/\/mnbruchepiemont.org\/WORDPRESS\/wp-content\/uploads\/20200602-183300-500x281.png 500w, https:\/\/mnbruchepiemont.org\/WORDPRESS\/wp-content\/uploads\/20200602-183300.png 1600w\" sizes=\"auto, (max-width: 300px) 100vw, 300px\" \/> 02 juin 2020<\/a><br \/>\n2 jeunes encore proche du nid.<\/p>\n<p><a href=\"https:\/\/mnbruchepiemont.org\/?attachment_id=4428\" rel=\"attachment wp-att-4428\"><img loading=\"lazy\" decoding=\"async\" class=\"alignnone size-medium wp-image-4428\" src=\"https:\/\/mnbruchepiemont.org\/WORDPRESS\/wp-content\/uploads\/20200606-175900-300x169.png\" alt=\"\" width=\"300\" height=\"169\" srcset=\"https:\/\/mnbruchepiemont.org\/WORDPRESS\/wp-content\/uploads\/20200606-175900-300x169.png 300w, https:\/\/mnbruchepiemont.org\/WORDPRESS\/wp-content\/uploads\/20200606-175900-768x432.png 768w, https:\/\/mnbruchepiemont.org\/WORDPRESS\/wp-content\/uploads\/20200606-175900-1024x576.png 1024w, https:\/\/mnbruchepiemont.org\/WORDPRESS\/wp-content\/uploads\/20200606-175900-500x281.png 500w, https:\/\/mnbruchepiemont.org\/WORDPRESS\/wp-content\/uploads\/20200606-175900.png 1600w\" sizes=\"auto, (max-width: 300px) 100vw, 300px\" \/><\/a>06 juin 2020<\/p>\n","protected":false},"excerpt":{"rendered":"<p>22 avril 202024 avril 202018 mai 202024 mai 2020 26 mai 2020 &#8211; pr\u00eat \u00e0 partir? 27 mai 2020 &#8211; toujours l\u00e0&#8230; 29 mai 2020 les &#8220;petits&#8221; \u00e9tirent souvent leurs ailes. Ils observent longuement le paysage. Il faut dire que &hellip; <a href=\"https:\/\/mnbruchepiemont.org\/?page_id=4285\">Continuer la lecture <span class=\"meta-nav\">&rarr;<\/span><\/a><\/p>\n","protected":false},"author":8,"featured_media":0,"parent":0,"menu_order":0,"comment_status":"closed","ping_status":"closed","template":"","meta":{"footnotes":""},"class_list":["post-4285","page","type-page","status-publish","hentry"],"_links":{"self":[{"href":"https:\/\/mnbruchepiemont.org\/index.php?rest_route=\/wp\/v2\/pages\/4285","targetHints":{"allow":["GET"]}}],"collection":[{"href":"https:\/\/mnbruchepiemont.org\/index.php?rest_route=\/wp\/v2\/pages"}],"about":[{"href":"https:\/\/mnbruchepiemont.org\/index.php?rest_route=\/wp\/v2\/types\/page"}],"author":[{"embeddable":true,"href":"https:\/\/mnbruchepiemont.org\/index.php?rest_route=\/wp\/v2\/users\/8"}],"replies":[{"embeddable":true,"href":"https:\/\/mnbruchepiemont.org\/index.php?rest_route=%2Fwp%2Fv2%2Fcomments&post=4285"}],"version-history":[{"count":9,"href":"https:\/\/mnbruchepiemont.org\/index.php?rest_route=\/wp\/v2\/pages\/4285\/revisions"}],"predecessor-version":[{"id":4429,"href":"https:\/\/mnbruchepiemont.org\/index.php?rest_route=\/wp\/v2\/pages\/4285\/revisions\/4429"}],"wp:attachment":[{"href":"https:\/\/mnbruchepiemont.org\/index.php?rest_route=%2Fwp%2Fv2%2Fmedia&parent=4285"}],"curies":[{"name":"wp","href":"https:\/\/api.w.org\/{rel}","templated":true}]}}