{"id":4268,"date":"2020-05-24T21:35:21","date_gmt":"2020-05-24T19:35:21","guid":{"rendered":"http:\/\/mnbruchepiemont.org\/?page_id=4268"},"modified":"2020-06-16T16:48:08","modified_gmt":"2020-06-16T14:48:08","slug":"pygargues","status":"publish","type":"page","link":"https:\/\/mnbruchepiemont.org\/?page_id=4268","title":{"rendered":"Pygargues"},"content":{"rendered":"<p>Photos prises en copie d&#8217;\u00e9cran de la webcam<\/p>\n<p><a href=\"https:\/\/mnbruchepiemont.org\/?attachment_id=4265\" rel=\"attachment wp-att-4265\"><img loading=\"lazy\" decoding=\"async\" class=\"alignnone size-medium wp-image-4265\" src=\"https:\/\/mnbruchepiemont.org\/WORDPRESS\/wp-content\/uploads\/20200420-133223-300x130.png\" alt=\"\" width=\"300\" height=\"130\" srcset=\"https:\/\/mnbruchepiemont.org\/WORDPRESS\/wp-content\/uploads\/20200420-133223-300x130.png 300w, https:\/\/mnbruchepiemont.org\/WORDPRESS\/wp-content\/uploads\/20200420-133223-768x332.png 768w, https:\/\/mnbruchepiemont.org\/WORDPRESS\/wp-content\/uploads\/20200420-133223-1024x442.png 1024w, https:\/\/mnbruchepiemont.org\/WORDPRESS\/wp-content\/uploads\/20200420-133223-500x216.png 500w\" sizes=\"auto, (max-width: 300px) 100vw, 300px\" \/>20 avril 2020<\/a><br \/>\n2 petits<\/p>\n<p><a href=\"https:\/\/mnbruchepiemont.org\/?attachment_id=4266\" rel=\"attachment wp-att-4266\"><img loading=\"lazy\" decoding=\"async\" class=\"alignnone size-medium wp-image-4266\" src=\"https:\/\/mnbruchepiemont.org\/WORDPRESS\/wp-content\/uploads\/20200428-174051-300x169.png\" alt=\"\" width=\"300\" height=\"169\" srcset=\"https:\/\/mnbruchepiemont.org\/WORDPRESS\/wp-content\/uploads\/20200428-174051-300x169.png 300w, https:\/\/mnbruchepiemont.org\/WORDPRESS\/wp-content\/uploads\/20200428-174051-768x432.png 768w, https:\/\/mnbruchepiemont.org\/WORDPRESS\/wp-content\/uploads\/20200428-174051-1024x576.png 1024w, https:\/\/mnbruchepiemont.org\/WORDPRESS\/wp-content\/uploads\/20200428-174051-500x281.png 500w\" sizes=\"auto, (max-width: 300px) 100vw, 300px\" \/>28 avril 2020<br \/>\nremarquez \u00e0 droite du petit <\/a><a href=\"https:\/\/mnbruchepiemont.org\/?attachment_id=4266\" rel=\"attachment wp-att-4266\">le poisson que le pygargue a ramen\u00e9\u00a0<\/a><\/p>\n<p><a href=\"https:\/\/mnbruchepiemont.org\/?attachment_id=4404\" rel=\"attachment wp-att-4404\"><img loading=\"lazy\" decoding=\"async\" class=\"alignnone size-medium wp-image-4404\" src=\"https:\/\/mnbruchepiemont.org\/WORDPRESS\/wp-content\/uploads\/20200513-190925-300x169.png\" alt=\"\" width=\"300\" height=\"169\" srcset=\"https:\/\/mnbruchepiemont.org\/WORDPRESS\/wp-content\/uploads\/20200513-190925-300x169.png 300w, https:\/\/mnbruchepiemont.org\/WORDPRESS\/wp-content\/uploads\/20200513-190925-768x432.png 768w, https:\/\/mnbruchepiemont.org\/WORDPRESS\/wp-content\/uploads\/20200513-190925-1024x576.png 1024w, https:\/\/mnbruchepiemont.org\/WORDPRESS\/wp-content\/uploads\/20200513-190925-500x281.png 500w\" sizes=\"auto, (max-width: 300px) 100vw, 300px\" \/><\/a>13 mai 2020<\/p>\n<p><a href=\"https:\/\/mnbruchepiemont.org\/?attachment_id=4267\" rel=\"attachment wp-att-4267\"><img loading=\"lazy\" decoding=\"async\" class=\"alignnone size-medium wp-image-4267\" src=\"https:\/\/mnbruchepiemont.org\/WORDPRESS\/wp-content\/uploads\/20200521-083316-300x157.png\" alt=\"\" width=\"300\" height=\"157\" srcset=\"https:\/\/mnbruchepiemont.org\/WORDPRESS\/wp-content\/uploads\/20200521-083316-300x157.png 300w, https:\/\/mnbruchepiemont.org\/WORDPRESS\/wp-content\/uploads\/20200521-083316-768x403.png 768w, https:\/\/mnbruchepiemont.org\/WORDPRESS\/wp-content\/uploads\/20200521-083316-1024x537.png 1024w, https:\/\/mnbruchepiemont.org\/WORDPRESS\/wp-content\/uploads\/20200521-083316-500x262.png 500w\" sizes=\"auto, (max-width: 300px) 100vw, 300px\" \/>21 mai 2020<\/a><br \/>\nles deux petits ont 1 mois et 1 jour<br \/>\n<a href=\"https:\/\/mnbruchepiemont.org\/?attachment_id=4348\" rel=\"attachment wp-att-4348\"><img loading=\"lazy\" decoding=\"async\" class=\"alignnone size-medium wp-image-4348\" src=\"https:\/\/mnbruchepiemont.org\/WORDPRESS\/wp-content\/uploads\/20200526-194000-300x169.png\" alt=\"\" width=\"300\" height=\"169\" srcset=\"https:\/\/mnbruchepiemont.org\/WORDPRESS\/wp-content\/uploads\/20200526-194000-300x169.png 300w, https:\/\/mnbruchepiemont.org\/WORDPRESS\/wp-content\/uploads\/20200526-194000-768x432.png 768w, https:\/\/mnbruchepiemont.org\/WORDPRESS\/wp-content\/uploads\/20200526-194000-1024x576.png 1024w, https:\/\/mnbruchepiemont.org\/WORDPRESS\/wp-content\/uploads\/20200526-194000-500x281.png 500w, https:\/\/mnbruchepiemont.org\/WORDPRESS\/wp-content\/uploads\/20200526-194000.png 1600w\" sizes=\"auto, (max-width: 300px) 100vw, 300px\" \/><\/a>26 mai 2020<\/p>\n<p><a href=\"https:\/\/mnbruchepiemont.org\/?attachment_id=4390\" rel=\"attachment wp-att-4390\"><img loading=\"lazy\" decoding=\"async\" class=\"alignnone size-medium wp-image-4390\" src=\"https:\/\/mnbruchepiemont.org\/WORDPRESS\/wp-content\/uploads\/20200531-090700-300x169.png\" alt=\"\" width=\"300\" height=\"169\" srcset=\"https:\/\/mnbruchepiemont.org\/WORDPRESS\/wp-content\/uploads\/20200531-090700-300x169.png 300w, https:\/\/mnbruchepiemont.org\/WORDPRESS\/wp-content\/uploads\/20200531-090700-768x432.png 768w, https:\/\/mnbruchepiemont.org\/WORDPRESS\/wp-content\/uploads\/20200531-090700-1024x576.png 1024w, https:\/\/mnbruchepiemont.org\/WORDPRESS\/wp-content\/uploads\/20200531-090700-500x281.png 500w, https:\/\/mnbruchepiemont.org\/WORDPRESS\/wp-content\/uploads\/20200531-090700.png 1600w\" sizes=\"auto, (max-width: 300px) 100vw, 300px\" \/><\/a>31 mai 2020<\/p>\n<p><a href=\"https:\/\/mnbruchepiemont.org\/?attachment_id=4426\" rel=\"attachment wp-att-4426\"><img loading=\"lazy\" decoding=\"async\" class=\"alignnone size-medium wp-image-4426\" src=\"https:\/\/mnbruchepiemont.org\/WORDPRESS\/wp-content\/uploads\/20200616-161500-300x215.png\" alt=\"\" width=\"300\" height=\"215\" srcset=\"https:\/\/mnbruchepiemont.org\/WORDPRESS\/wp-content\/uploads\/20200616-161500-300x215.png 300w, https:\/\/mnbruchepiemont.org\/WORDPRESS\/wp-content\/uploads\/20200616-161500-768x550.png 768w, https:\/\/mnbruchepiemont.org\/WORDPRESS\/wp-content\/uploads\/20200616-161500-1024x734.png 1024w, https:\/\/mnbruchepiemont.org\/WORDPRESS\/wp-content\/uploads\/20200616-161500-419x300.png 419w, https:\/\/mnbruchepiemont.org\/WORDPRESS\/wp-content\/uploads\/20200616-161500.png 1185w\" sizes=\"auto, (max-width: 300px) 100vw, 300px\" \/><\/a>16 juin 2020<\/p>\n","protected":false},"excerpt":{"rendered":"<p>Photos prises en copie d&#8217;\u00e9cran de la webcam 20 avril 2020 2 petits 28 avril 2020 remarquez \u00e0 droite du petit le poisson que le pygargue a ramen\u00e9\u00a0 13 mai 2020 21 mai 2020 les deux petits ont 1 mois &hellip; <a href=\"https:\/\/mnbruchepiemont.org\/?page_id=4268\">Continuer la lecture <span class=\"meta-nav\">&rarr;<\/span><\/a><\/p>\n","protected":false},"author":8,"featured_media":0,"parent":0,"menu_order":0,"comment_status":"closed","ping_status":"closed","template":"","meta":{"footnotes":""},"class_list":["post-4268","page","type-page","status-publish","hentry"],"_links":{"self":[{"href":"https:\/\/mnbruchepiemont.org\/index.php?rest_route=\/wp\/v2\/pages\/4268","targetHints":{"allow":["GET"]}}],"collection":[{"href":"https:\/\/mnbruchepiemont.org\/index.php?rest_route=\/wp\/v2\/pages"}],"about":[{"href":"https:\/\/mnbruchepiemont.org\/index.php?rest_route=\/wp\/v2\/types\/page"}],"author":[{"embeddable":true,"href":"https:\/\/mnbruchepiemont.org\/index.php?rest_route=\/wp\/v2\/users\/8"}],"replies":[{"embeddable":true,"href":"https:\/\/mnbruchepiemont.org\/index.php?rest_route=%2Fwp%2Fv2%2Fcomments&post=4268"}],"version-history":[{"count":9,"href":"https:\/\/mnbruchepiemont.org\/index.php?rest_route=\/wp\/v2\/pages\/4268\/revisions"}],"predecessor-version":[{"id":4427,"href":"https:\/\/mnbruchepiemont.org\/index.php?rest_route=\/wp\/v2\/pages\/4268\/revisions\/4427"}],"wp:attachment":[{"href":"https:\/\/mnbruchepiemont.org\/index.php?rest_route=%2Fwp%2Fv2%2Fmedia&parent=4268"}],"curies":[{"name":"wp","href":"https:\/\/api.w.org\/{rel}","templated":true}]}}