{"id":4189,"date":"2020-05-13T16:17:04","date_gmt":"2020-05-13T14:17:04","guid":{"rendered":"http:\/\/mnbruchepiemont.org\/?page_id=4189"},"modified":"2020-05-13T18:43:19","modified_gmt":"2020-05-13T16:43:19","slug":"nos-5-sens-en-reveil-la-main-verte-et-bio","status":"publish","type":"page","link":"https:\/\/mnbruchepiemont.org\/?page_id=4189","title":{"rendered":"La Main verte&#8230; et &#8220;bio&#8221;"},"content":{"rendered":"<p>\u00ab\u00a0Oh, des pucerons dans ma bourrache ! Et c\u2019est quoi ces b\u00eates bizarres dans mes plants de menthe ?\u00a0\u00bb Vous n\u2019aviez pas pr\u00e9vu \u00e7a ! Alors comment r\u00e9agir dans ce genre de situations, et plus g\u00e9n\u00e9ralement, comment entretenir de mani\u00e8re respectueuse son petit coin de nature ?<\/p>\n<p><a href=\"http:\/\/ariena.org\/nos-5-sens-en-reveil-9\/\" target=\"_blank\" rel=\"noopener noreferrer\">http:\/\/ariena.org\/nos-5-sens-en-reveil-9\/<\/a><\/p>\n","protected":false},"excerpt":{"rendered":"<p>\u00ab\u00a0Oh, des pucerons dans ma bourrache ! Et c\u2019est quoi ces b\u00eates bizarres dans mes plants de menthe ?\u00a0\u00bb Vous n\u2019aviez pas pr\u00e9vu \u00e7a ! Alors comment r\u00e9agir dans ce genre de situations, et plus g\u00e9n\u00e9ralement, comment entretenir de mani\u00e8re &hellip; <a href=\"https:\/\/mnbruchepiemont.org\/?page_id=4189\">Continuer la lecture <span class=\"meta-nav\">&rarr;<\/span><\/a><\/p>\n","protected":false},"author":8,"featured_media":0,"parent":0,"menu_order":0,"comment_status":"closed","ping_status":"closed","template":"","meta":{"footnotes":""},"class_list":["post-4189","page","type-page","status-publish","hentry"],"_links":{"self":[{"href":"https:\/\/mnbruchepiemont.org\/index.php?rest_route=\/wp\/v2\/pages\/4189","targetHints":{"allow":["GET"]}}],"collection":[{"href":"https:\/\/mnbruchepiemont.org\/index.php?rest_route=\/wp\/v2\/pages"}],"about":[{"href":"https:\/\/mnbruchepiemont.org\/index.php?rest_route=\/wp\/v2\/types\/page"}],"author":[{"embeddable":true,"href":"https:\/\/mnbruchepiemont.org\/index.php?rest_route=\/wp\/v2\/users\/8"}],"replies":[{"embeddable":true,"href":"https:\/\/mnbruchepiemont.org\/index.php?rest_route=%2Fwp%2Fv2%2Fcomments&post=4189"}],"version-history":[{"count":2,"href":"https:\/\/mnbruchepiemont.org\/index.php?rest_route=\/wp\/v2\/pages\/4189\/revisions"}],"predecessor-version":[{"id":4201,"href":"https:\/\/mnbruchepiemont.org\/index.php?rest_route=\/wp\/v2\/pages\/4189\/revisions\/4201"}],"wp:attachment":[{"href":"https:\/\/mnbruchepiemont.org\/index.php?rest_route=%2Fwp%2Fv2%2Fmedia&parent=4189"}],"curies":[{"name":"wp","href":"https:\/\/api.w.org\/{rel}","templated":true}]}}