{"id":4177,"date":"2020-05-13T15:59:02","date_gmt":"2020-05-13T13:59:02","guid":{"rendered":"http:\/\/mnbruchepiemont.org\/?page_id=4177"},"modified":"2020-05-13T18:43:29","modified_gmt":"2020-05-13T16:43:29","slug":"nos-5-sens-en-reveil-voyants-au-rouge","status":"publish","type":"page","link":"https:\/\/mnbruchepiemont.org\/?page_id=4177","title":{"rendered":"Voyants au rouge"},"content":{"rendered":"<p>Quand tout fonctionne, c\u2019est plut\u00f4t bien, mais a-t-on r\u00e9ellement besoin de tout et tout le temps ? Et si nous utilisions notre \u00e9nergie pour limiter les fuites d\u2019\u00e9nergies ?!<\/p>\n<p><a href=\"http:\/\/ariena.org\/nos-5-sens-en-reveil-11\/\" target=\"_blank\" rel=\"noopener noreferrer\">http:\/\/ariena.org\/nos-5-sens-en-reveil-11\/<\/a><\/p>\n","protected":false},"excerpt":{"rendered":"<p>Quand tout fonctionne, c\u2019est plut\u00f4t bien, mais a-t-on r\u00e9ellement besoin de tout et tout le temps ? Et si nous utilisions notre \u00e9nergie pour limiter les fuites d\u2019\u00e9nergies ?! http:\/\/ariena.org\/nos-5-sens-en-reveil-11\/<\/p>\n","protected":false},"author":8,"featured_media":0,"parent":0,"menu_order":0,"comment_status":"closed","ping_status":"closed","template":"","meta":{"footnotes":""},"class_list":["post-4177","page","type-page","status-publish","hentry"],"_links":{"self":[{"href":"https:\/\/mnbruchepiemont.org\/index.php?rest_route=\/wp\/v2\/pages\/4177","targetHints":{"allow":["GET"]}}],"collection":[{"href":"https:\/\/mnbruchepiemont.org\/index.php?rest_route=\/wp\/v2\/pages"}],"about":[{"href":"https:\/\/mnbruchepiemont.org\/index.php?rest_route=\/wp\/v2\/types\/page"}],"author":[{"embeddable":true,"href":"https:\/\/mnbruchepiemont.org\/index.php?rest_route=\/wp\/v2\/users\/8"}],"replies":[{"embeddable":true,"href":"https:\/\/mnbruchepiemont.org\/index.php?rest_route=%2Fwp%2Fv2%2Fcomments&post=4177"}],"version-history":[{"count":3,"href":"https:\/\/mnbruchepiemont.org\/index.php?rest_route=\/wp\/v2\/pages\/4177\/revisions"}],"predecessor-version":[{"id":4203,"href":"https:\/\/mnbruchepiemont.org\/index.php?rest_route=\/wp\/v2\/pages\/4177\/revisions\/4203"}],"wp:attachment":[{"href":"https:\/\/mnbruchepiemont.org\/index.php?rest_route=%2Fwp%2Fv2%2Fmedia&parent=4177"}],"curies":[{"name":"wp","href":"https:\/\/api.w.org\/{rel}","templated":true}]}}