{"id":4155,"date":"2020-05-06T17:01:46","date_gmt":"2020-05-06T15:01:46","guid":{"rendered":"http:\/\/mnbruchepiemont.org\/?page_id=4155"},"modified":"2020-05-13T18:40:38","modified_gmt":"2020-05-13T16:40:38","slug":"nos-5-sens-en-reveil-le-plein-denergie","status":"publish","type":"page","link":"https:\/\/mnbruchepiemont.org\/?page_id=4155","title":{"rendered":"Le plein d&#8217;\u00e9nergie"},"content":{"rendered":"<p>D&#8217;o\u00f9 vient l&#8217;\u00e9nergie? Quelles sont les sources d&#8217;\u00e9nergie? Quelles sont les \u00e9nergies renouvelables?<\/p>\n<p><a href=\"http:\/\/ariena.org\/nos-5-sens-en-reveil-6\" target=\"_blank\" rel=\"noopener noreferrer\">http:\/\/ariena.org\/nos-5-sens-en-reveil-6<\/a><\/p>\n","protected":false},"excerpt":{"rendered":"<p>D&#8217;o\u00f9 vient l&#8217;\u00e9nergie? Quelles sont les sources d&#8217;\u00e9nergie? Quelles sont les \u00e9nergies renouvelables? http:\/\/ariena.org\/nos-5-sens-en-reveil-6<\/p>\n","protected":false},"author":8,"featured_media":0,"parent":0,"menu_order":0,"comment_status":"closed","ping_status":"closed","template":"","meta":{"footnotes":""},"class_list":["post-4155","page","type-page","status-publish","hentry"],"_links":{"self":[{"href":"https:\/\/mnbruchepiemont.org\/index.php?rest_route=\/wp\/v2\/pages\/4155","targetHints":{"allow":["GET"]}}],"collection":[{"href":"https:\/\/mnbruchepiemont.org\/index.php?rest_route=\/wp\/v2\/pages"}],"about":[{"href":"https:\/\/mnbruchepiemont.org\/index.php?rest_route=\/wp\/v2\/types\/page"}],"author":[{"embeddable":true,"href":"https:\/\/mnbruchepiemont.org\/index.php?rest_route=\/wp\/v2\/users\/8"}],"replies":[{"embeddable":true,"href":"https:\/\/mnbruchepiemont.org\/index.php?rest_route=%2Fwp%2Fv2%2Fcomments&post=4155"}],"version-history":[{"count":4,"href":"https:\/\/mnbruchepiemont.org\/index.php?rest_route=\/wp\/v2\/pages\/4155\/revisions"}],"predecessor-version":[{"id":4198,"href":"https:\/\/mnbruchepiemont.org\/index.php?rest_route=\/wp\/v2\/pages\/4155\/revisions\/4198"}],"wp:attachment":[{"href":"https:\/\/mnbruchepiemont.org\/index.php?rest_route=%2Fwp%2Fv2%2Fmedia&parent=4155"}],"curies":[{"name":"wp","href":"https:\/\/api.w.org\/{rel}","templated":true}]}}