{"id":4141,"date":"2020-04-30T11:17:47","date_gmt":"2020-04-30T09:17:47","guid":{"rendered":"http:\/\/mnbruchepiemont.org\/?page_id=4141"},"modified":"2020-05-13T18:40:08","modified_gmt":"2020-05-13T16:40:08","slug":"nos-5-sens-en-reveil-les-dechets","status":"publish","type":"page","link":"https:\/\/mnbruchepiemont.org\/?page_id=4141","title":{"rendered":"Les d\u00e9chets"},"content":{"rendered":"<p>Par d\u00e9finition, un d\u00e9chet c\u2019est un objet ou partie d\u2019objet qui ne peut plus \u00eatre utilis\u00e9. Mais est-ce vraiment le cas de tout ce que l\u2019on jette \u00e0 la poubelle ? Avec un peu d\u2019imagination\u2026<\/p>\n<p><a href=\"http:\/\/ariena.org\/nos-5-sens-en-reveil-5\/?fbclid=IwAR20TSulM7dL91ypY0N2rHtMJW8XcQfM1D1LODpRf_jBy6XrrhHYNjuaFCc\" target=\"_blank\" rel=\"noopener noreferrer\">http:\/\/ariena.org\/nos-5-sens-en-reveil-5\/?fbclid=IwAR20TSulM7dL91ypY0N2rHtMJW8XcQfM1D1LODpRf_jBy6XrrhHYNjuaFCc<\/a><\/p>\n","protected":false},"excerpt":{"rendered":"<p>Par d\u00e9finition, un d\u00e9chet c\u2019est un objet ou partie d\u2019objet qui ne peut plus \u00eatre utilis\u00e9. Mais est-ce vraiment le cas de tout ce que l\u2019on jette \u00e0 la poubelle ? Avec un peu d\u2019imagination\u2026 http:\/\/ariena.org\/nos-5-sens-en-reveil-5\/?fbclid=IwAR20TSulM7dL91ypY0N2rHtMJW8XcQfM1D1LODpRf_jBy6XrrhHYNjuaFCc<\/p>\n","protected":false},"author":8,"featured_media":0,"parent":0,"menu_order":0,"comment_status":"closed","ping_status":"closed","template":"","meta":{"footnotes":""},"class_list":["post-4141","page","type-page","status-publish","hentry"],"_links":{"self":[{"href":"https:\/\/mnbruchepiemont.org\/index.php?rest_route=\/wp\/v2\/pages\/4141","targetHints":{"allow":["GET"]}}],"collection":[{"href":"https:\/\/mnbruchepiemont.org\/index.php?rest_route=\/wp\/v2\/pages"}],"about":[{"href":"https:\/\/mnbruchepiemont.org\/index.php?rest_route=\/wp\/v2\/types\/page"}],"author":[{"embeddable":true,"href":"https:\/\/mnbruchepiemont.org\/index.php?rest_route=\/wp\/v2\/users\/8"}],"replies":[{"embeddable":true,"href":"https:\/\/mnbruchepiemont.org\/index.php?rest_route=%2Fwp%2Fv2%2Fcomments&post=4141"}],"version-history":[{"count":2,"href":"https:\/\/mnbruchepiemont.org\/index.php?rest_route=\/wp\/v2\/pages\/4141\/revisions"}],"predecessor-version":[{"id":4197,"href":"https:\/\/mnbruchepiemont.org\/index.php?rest_route=\/wp\/v2\/pages\/4141\/revisions\/4197"}],"wp:attachment":[{"href":"https:\/\/mnbruchepiemont.org\/index.php?rest_route=%2Fwp%2Fv2%2Fmedia&parent=4141"}],"curies":[{"name":"wp","href":"https:\/\/api.w.org\/{rel}","templated":true}]}}