{"id":4117,"date":"2020-04-28T15:58:11","date_gmt":"2020-04-28T13:58:11","guid":{"rendered":"http:\/\/mnbruchepiemont.org\/?page_id=4117"},"modified":"2020-05-13T18:39:38","modified_gmt":"2020-05-13T16:39:38","slug":"nos-5-sens-en-reveil-la-vie-sauvage-se-cache-partout","status":"publish","type":"page","link":"https:\/\/mnbruchepiemont.org\/?page_id=4117","title":{"rendered":"La vie sauvage se cache partout"},"content":{"rendered":"<h1>La vie \u201csauvage\u201d se cache partout ?<\/h1>\n<p>Les paysages alsaciens rec\u00e8lent de nombreux animaux sauvages ce qui semble \u00eatre le cas de cette for\u00eat exploit\u00e9e des Vosges du Nord. Mais la vie sauvage ne se trouve pas qu\u2019en for\u00eat : elle se cache peut-\u00eatre bien plus pr\u00e8s que vous ne le pensez. Ouvrez l\u2019\u0153il, vous \u00eates observ\u00e9 !<\/p>\n<p><a href=\"http:\/\/ariena.org\/nos-5-sens-en-reveil-4\/?fbclid=IwAR1LuV8H1v5kE5iHCBGJ3d9gP2DWMDnkf-ZnnDzco5JbEkq1U2ltrX-Nwqw\" target=\"_blank\" rel=\"noopener noreferrer\">http:\/\/ariena.org\/nos-5-sens-en-reveil-4\/?fbclid=IwAR1LuV8H1v5kE5iHCBGJ3d9gP2DWMDnkf-ZnnDzco5JbEkq1U2ltrX-Nwqw<\/a><\/p>\n","protected":false},"excerpt":{"rendered":"<p>La vie \u201csauvage\u201d se cache partout ? Les paysages alsaciens rec\u00e8lent de nombreux animaux sauvages ce qui semble \u00eatre le cas de cette for\u00eat exploit\u00e9e des Vosges du Nord. Mais la vie sauvage ne se trouve pas qu\u2019en for\u00eat : &hellip; <a href=\"https:\/\/mnbruchepiemont.org\/?page_id=4117\">Continuer la lecture <span class=\"meta-nav\">&rarr;<\/span><\/a><\/p>\n","protected":false},"author":8,"featured_media":0,"parent":0,"menu_order":0,"comment_status":"closed","ping_status":"closed","template":"","meta":{"footnotes":""},"class_list":["post-4117","page","type-page","status-publish","hentry"],"_links":{"self":[{"href":"https:\/\/mnbruchepiemont.org\/index.php?rest_route=\/wp\/v2\/pages\/4117","targetHints":{"allow":["GET"]}}],"collection":[{"href":"https:\/\/mnbruchepiemont.org\/index.php?rest_route=\/wp\/v2\/pages"}],"about":[{"href":"https:\/\/mnbruchepiemont.org\/index.php?rest_route=\/wp\/v2\/types\/page"}],"author":[{"embeddable":true,"href":"https:\/\/mnbruchepiemont.org\/index.php?rest_route=\/wp\/v2\/users\/8"}],"replies":[{"embeddable":true,"href":"https:\/\/mnbruchepiemont.org\/index.php?rest_route=%2Fwp%2Fv2%2Fcomments&post=4117"}],"version-history":[{"count":2,"href":"https:\/\/mnbruchepiemont.org\/index.php?rest_route=\/wp\/v2\/pages\/4117\/revisions"}],"predecessor-version":[{"id":4196,"href":"https:\/\/mnbruchepiemont.org\/index.php?rest_route=\/wp\/v2\/pages\/4117\/revisions\/4196"}],"wp:attachment":[{"href":"https:\/\/mnbruchepiemont.org\/index.php?rest_route=%2Fwp%2Fv2%2Fmedia&parent=4117"}],"curies":[{"name":"wp","href":"https:\/\/api.w.org\/{rel}","templated":true}]}}