{"id":4113,"date":"2020-04-28T15:08:49","date_gmt":"2020-04-28T13:08:49","guid":{"rendered":"http:\/\/mnbruchepiemont.org\/?page_id=4113"},"modified":"2020-05-13T18:39:16","modified_gmt":"2020-05-13T16:39:16","slug":"nos-5-sens-en-reveil-croquons-le-paysage","status":"publish","type":"page","link":"https:\/\/mnbruchepiemont.org\/?page_id=4113","title":{"rendered":"Croquons le paysage"},"content":{"rendered":"<h1>Croquons le paysage<\/h1>\n<p>Ville, village ou campagne, nos paysages nous donnent \u00e0 voir, \u00e0 sentir, \u00e0 go\u00fbter, \u00e0 toucher\u2026 et \u00e0 dessiner !<\/p>\n<p><a href=\"http:\/\/ariena.org\/nos-5-sens-en-reveil-3\/\" target=\"_blank\" rel=\"noopener noreferrer\">http:\/\/ariena.org\/nos-5-sens-en-reveil-3\/<\/a><\/p>\n","protected":false},"excerpt":{"rendered":"<p>Croquons le paysage Ville, village ou campagne, nos paysages nous donnent \u00e0 voir, \u00e0 sentir, \u00e0 go\u00fbter, \u00e0 toucher\u2026 et \u00e0 dessiner ! http:\/\/ariena.org\/nos-5-sens-en-reveil-3\/<\/p>\n","protected":false},"author":8,"featured_media":0,"parent":0,"menu_order":0,"comment_status":"closed","ping_status":"closed","template":"","meta":{"footnotes":""},"class_list":["post-4113","page","type-page","status-publish","hentry"],"_links":{"self":[{"href":"https:\/\/mnbruchepiemont.org\/index.php?rest_route=\/wp\/v2\/pages\/4113","targetHints":{"allow":["GET"]}}],"collection":[{"href":"https:\/\/mnbruchepiemont.org\/index.php?rest_route=\/wp\/v2\/pages"}],"about":[{"href":"https:\/\/mnbruchepiemont.org\/index.php?rest_route=\/wp\/v2\/types\/page"}],"author":[{"embeddable":true,"href":"https:\/\/mnbruchepiemont.org\/index.php?rest_route=\/wp\/v2\/users\/8"}],"replies":[{"embeddable":true,"href":"https:\/\/mnbruchepiemont.org\/index.php?rest_route=%2Fwp%2Fv2%2Fcomments&post=4113"}],"version-history":[{"count":3,"href":"https:\/\/mnbruchepiemont.org\/index.php?rest_route=\/wp\/v2\/pages\/4113\/revisions"}],"predecessor-version":[{"id":4195,"href":"https:\/\/mnbruchepiemont.org\/index.php?rest_route=\/wp\/v2\/pages\/4113\/revisions\/4195"}],"wp:attachment":[{"href":"https:\/\/mnbruchepiemont.org\/index.php?rest_route=%2Fwp%2Fv2%2Fmedia&parent=4113"}],"curies":[{"name":"wp","href":"https:\/\/api.w.org\/{rel}","templated":true}]}}