{"id":4101,"date":"2020-04-20T19:51:03","date_gmt":"2020-04-20T17:51:03","guid":{"rendered":"http:\/\/mnbruchepiemont.org\/?page_id=4101"},"modified":"2020-04-20T19:51:03","modified_gmt":"2020-04-20T17:51:03","slug":"quizz-meteo","status":"publish","type":"page","link":"https:\/\/mnbruchepiemont.org\/?page_id=4101","title":{"rendered":"Quizz m\u00e9t\u00e9o"},"content":{"rendered":"<p><i><b>Pour les adultes ou familles<\/b><\/i>, un\u00a0<u><a href=\"https:\/\/www.meteocontact.fr\/quiz\" target=\"_blank\" rel=\"noopener noreferrer\">quizz m\u00e9t\u00e9o<\/a><\/u>\u00a0et une r\u00e9flexion pour limiter la pollution int\u00e9rieure et le r\u00e9chauffement climatique, ainsi que des activit\u00e9s artistiques.<\/p>\n","protected":false},"excerpt":{"rendered":"<p>Pour les adultes ou familles, un\u00a0quizz m\u00e9t\u00e9o\u00a0et une r\u00e9flexion pour limiter la pollution int\u00e9rieure et le r\u00e9chauffement climatique, ainsi que des activit\u00e9s artistiques.<\/p>\n","protected":false},"author":8,"featured_media":0,"parent":0,"menu_order":0,"comment_status":"closed","ping_status":"closed","template":"","meta":{"footnotes":""},"class_list":["post-4101","page","type-page","status-publish","hentry"],"_links":{"self":[{"href":"https:\/\/mnbruchepiemont.org\/index.php?rest_route=\/wp\/v2\/pages\/4101","targetHints":{"allow":["GET"]}}],"collection":[{"href":"https:\/\/mnbruchepiemont.org\/index.php?rest_route=\/wp\/v2\/pages"}],"about":[{"href":"https:\/\/mnbruchepiemont.org\/index.php?rest_route=\/wp\/v2\/types\/page"}],"author":[{"embeddable":true,"href":"https:\/\/mnbruchepiemont.org\/index.php?rest_route=\/wp\/v2\/users\/8"}],"replies":[{"embeddable":true,"href":"https:\/\/mnbruchepiemont.org\/index.php?rest_route=%2Fwp%2Fv2%2Fcomments&post=4101"}],"version-history":[{"count":1,"href":"https:\/\/mnbruchepiemont.org\/index.php?rest_route=\/wp\/v2\/pages\/4101\/revisions"}],"predecessor-version":[{"id":4102,"href":"https:\/\/mnbruchepiemont.org\/index.php?rest_route=\/wp\/v2\/pages\/4101\/revisions\/4102"}],"wp:attachment":[{"href":"https:\/\/mnbruchepiemont.org\/index.php?rest_route=%2Fwp%2Fv2%2Fmedia&parent=4101"}],"curies":[{"name":"wp","href":"https:\/\/api.w.org\/{rel}","templated":true}]}}