{"id":4057,"date":"2020-04-20T16:39:29","date_gmt":"2020-04-20T14:39:29","guid":{"rendered":"http:\/\/mnbruchepiemont.org\/?page_id=4057"},"modified":"2020-04-29T16:50:29","modified_gmt":"2020-04-29T14:50:29","slug":"prenons-lair","status":"publish","type":"page","link":"https:\/\/mnbruchepiemont.org\/?page_id=4057","title":{"rendered":"Prenons l&#8217;air &#8211; Savant sans en avoir l&#8217;air"},"content":{"rendered":"<p>Un dossier de 10 pages pour 8 exp\u00e9riences sur l&#8217;air \u00e0 faire avec votre enfant<\/p>\n<p><a href=\"https:\/\/mnbruchepiemont.org\/WORDPRESS\/wp-content\/uploads\/savant-sans-en-avoir-lair.pdf\" target=\"_blank\" rel=\"noopener noreferrer\">Pour t\u00e9l\u00e9charger le document en entier utiliser ce lien.<\/a><\/p>\n<a href=\"https:\/\/mnbruchepiemont.org\/WORDPRESS\/wp-content\/uploads\/savant-sans-en-avoir-lair.pdf\" class=\"pdfemb-viewer\" style=\"\" data-width=\"max\" data-height=\"max\" data-toolbar=\"bottom\" data-toolbar-fixed=\"on\">savant sans en avoir l\u2019air<\/a>\n<p>&nbsp;<\/p>\n<p><a href=\"https:\/\/mnbruchepiemont.org\/?page_id=4068\" target=\"_blank\" rel=\"noopener noreferrer\">et vous pouvez visualiser le corrig\u00e9 sur cette page&#8230;<\/a><\/p>\n<p><a href=\"https:\/\/mnbruchepiemont.org\/WORDPRESS\/wp-content\/uploads\/savant-corrig\u00e9.pdf\" target=\"_blank\" rel=\"noopener noreferrer\">ou t\u00e9l\u00e9charger tout le document contenant les r\u00e9ponses avec ce lien<\/a><\/p>\n<p>&nbsp;<\/p>\n<p>&nbsp;<\/p>\n<p>&nbsp;<\/p>\n","protected":false},"excerpt":{"rendered":"<p>Un dossier de 10 pages pour 8 exp\u00e9riences sur l&#8217;air \u00e0 faire avec votre enfant Pour t\u00e9l\u00e9charger le document en entier utiliser ce lien. &nbsp; et vous pouvez visualiser le corrig\u00e9 sur cette page&#8230; ou t\u00e9l\u00e9charger tout le document contenant &hellip; <a href=\"https:\/\/mnbruchepiemont.org\/?page_id=4057\">Continuer la lecture <span class=\"meta-nav\">&rarr;<\/span><\/a><\/p>\n","protected":false},"author":8,"featured_media":0,"parent":0,"menu_order":0,"comment_status":"closed","ping_status":"closed","template":"","meta":{"footnotes":""},"class_list":["post-4057","page","type-page","status-publish","hentry"],"_links":{"self":[{"href":"https:\/\/mnbruchepiemont.org\/index.php?rest_route=\/wp\/v2\/pages\/4057","targetHints":{"allow":["GET"]}}],"collection":[{"href":"https:\/\/mnbruchepiemont.org\/index.php?rest_route=\/wp\/v2\/pages"}],"about":[{"href":"https:\/\/mnbruchepiemont.org\/index.php?rest_route=\/wp\/v2\/types\/page"}],"author":[{"embeddable":true,"href":"https:\/\/mnbruchepiemont.org\/index.php?rest_route=\/wp\/v2\/users\/8"}],"replies":[{"embeddable":true,"href":"https:\/\/mnbruchepiemont.org\/index.php?rest_route=%2Fwp%2Fv2%2Fcomments&post=4057"}],"version-history":[{"count":19,"href":"https:\/\/mnbruchepiemont.org\/index.php?rest_route=\/wp\/v2\/pages\/4057\/revisions"}],"predecessor-version":[{"id":4138,"href":"https:\/\/mnbruchepiemont.org\/index.php?rest_route=\/wp\/v2\/pages\/4057\/revisions\/4138"}],"wp:attachment":[{"href":"https:\/\/mnbruchepiemont.org\/index.php?rest_route=%2Fwp%2Fv2%2Fmedia&parent=4057"}],"curies":[{"name":"wp","href":"https:\/\/api.w.org\/{rel}","templated":true}]}}