{"id":4039,"date":"2020-04-20T16:09:47","date_gmt":"2020-04-20T14:09:47","guid":{"rendered":"http:\/\/mnbruchepiemont.org\/?page_id=4039"},"modified":"2020-05-13T18:37:12","modified_gmt":"2020-05-13T16:37:12","slug":"ariena","status":"publish","type":"page","link":"https:\/\/mnbruchepiemont.org\/?page_id=4039","title":{"rendered":"Ariena &#8211; Nos 5 sens en r\u00e9veil"},"content":{"rendered":"<p>Activit\u00e9s \u00e9ducatives propos\u00e9es par l&#8217; <span class=\"_247o\">Ariena<\/span>, le R\u00e9seau d&#8217;Education \u00e0 l&#8217;Environnement en Alsace (dont la Maison de la nature Bruche Pi\u00e9mont fait partie)<\/p>\n<p>&nbsp;<\/p>\n","protected":false},"excerpt":{"rendered":"<p>Activit\u00e9s \u00e9ducatives propos\u00e9es par l&#8217; Ariena, le R\u00e9seau d&#8217;Education \u00e0 l&#8217;Environnement en Alsace (dont la Maison de la nature Bruche Pi\u00e9mont fait partie) &nbsp;<\/p>\n","protected":false},"author":8,"featured_media":0,"parent":0,"menu_order":0,"comment_status":"closed","ping_status":"closed","template":"","meta":{"footnotes":""},"class_list":["post-4039","page","type-page","status-publish","hentry"],"_links":{"self":[{"href":"https:\/\/mnbruchepiemont.org\/index.php?rest_route=\/wp\/v2\/pages\/4039","targetHints":{"allow":["GET"]}}],"collection":[{"href":"https:\/\/mnbruchepiemont.org\/index.php?rest_route=\/wp\/v2\/pages"}],"about":[{"href":"https:\/\/mnbruchepiemont.org\/index.php?rest_route=\/wp\/v2\/types\/page"}],"author":[{"embeddable":true,"href":"https:\/\/mnbruchepiemont.org\/index.php?rest_route=\/wp\/v2\/users\/8"}],"replies":[{"embeddable":true,"href":"https:\/\/mnbruchepiemont.org\/index.php?rest_route=%2Fwp%2Fv2%2Fcomments&post=4039"}],"version-history":[{"count":6,"href":"https:\/\/mnbruchepiemont.org\/index.php?rest_route=\/wp\/v2\/pages\/4039\/revisions"}],"predecessor-version":[{"id":4192,"href":"https:\/\/mnbruchepiemont.org\/index.php?rest_route=\/wp\/v2\/pages\/4039\/revisions\/4192"}],"wp:attachment":[{"href":"https:\/\/mnbruchepiemont.org\/index.php?rest_route=%2Fwp%2Fv2%2Fmedia&parent=4039"}],"curies":[{"name":"wp","href":"https:\/\/api.w.org\/{rel}","templated":true}]}}