{"id":4031,"date":"2020-04-16T16:27:34","date_gmt":"2020-04-16T14:27:34","guid":{"rendered":"http:\/\/mnbruchepiemont.org\/?page_id=4031"},"modified":"2023-03-26T14:43:45","modified_gmt":"2023-03-26T12:43:45","slug":"film-une-vie-de-grand-rhinolophe","status":"publish","type":"page","link":"https:\/\/mnbruchepiemont.org\/?page_id=4031","title":{"rendered":"Vid\u00e9o en &#8220;live&#8221; de 10 nids (Mai 2022)"},"content":{"rendered":"<div>\n<div class=\"\">\n<div><\/div>\n<div><strong><a href=\"http:\/\/www.balbucam.fr\/fr\/en-direct-nie\/\" target=\"_blank\" rel=\"noopener noreferrer\">Balbuzard p\u00eacheur<\/a><\/strong><\/div>\n<div><strong><a href=\"https:\/\/www.photozilla.fr\/index.php\/camera-live\" target=\"_blank\" rel=\"noopener noreferrer\">La Mangeoire du jardin<\/a><\/strong><br \/>\n<strong><a href=\"https:\/\/lesfauconsdetheding.fr\/fr\/webcam-mesange-charbonniere\/\" target=\"_blank\" rel=\"noopener noreferrer\">M\u00e9sange charboni\u00e8re\u00a0<\/a><\/strong><\/div>\n<div>\n<h1 class=\"title style-scope ytd-video-primary-info-renderer\"><a href=\"https:\/\/lesfauconsdetheding.fr\/fr\/webcam-mesange-bleue\/\" target=\"_blank\" rel=\"noopener noreferrer\">M\u00e9sange bleue<\/a><br \/>\n<a href=\"https:\/\/www.vivara.fr\/webcam-cigogne\" target=\"_blank\" rel=\"noopener noreferrer\">Cigogne (Nederland)<\/a><br \/>\n<a href=\"https:\/\/www.vivara.fr\/webcams-en-direct\/grand-duc\" target=\"_blank\" rel=\"noopener\">Grand-duc d&#8217;europe<\/a><br \/>\n<a href=\"https:\/\/www.vivara.fr\/webcams-en-direct\/pygargue-a-queue-blanche\" target=\"_blank\" rel=\"noopener\">Pygargue \u00e0 queue blanche<\/a><br \/>\n<a href=\"https:\/\/www.vivara.fr\/webcam-cheveche-dathena\" target=\"_blank\" rel=\"noopener noreferrer\">Chev\u00eache ath\u00e9na<\/a><\/h1>\n<p><a href=\"https:\/\/www.vivara.fr\/webcams-en-direct\/poste-de-nourrissage-vivara\" target=\"_blank\" rel=\"noopener\">Un poste de nourrissage<\/a><\/p>\n<p>et <a href=\"https:\/\/www.vivara.fr\/webcams-en-direct\/mare\" target=\"_blank\" rel=\"noopener noreferrer\">une petite mare o\u00f9 les oiseaux viennent se baigner&#8230;.<\/a><\/p>\n<\/div>\n<\/div>\n<\/div>\n<p><a href=\"https:\/\/mnbruchepiemont.org\/?page_id=4268\" target=\"_blank\" rel=\"noopener noreferrer\">Photos nid de Pygargues<\/a><\/p>\n<p><a href=\"https:\/\/mnbruchepiemont.org\/?page_id=4278\" target=\"_blank\" rel=\"noopener noreferrer\">Photos nid Faucon cr\u00e9cerelle<\/a><\/p>\n<p><a href=\"https:\/\/mnbruchepiemont.org\/?page_id=4285\" target=\"_blank\" rel=\"noopener noreferrer\">Photos nid Faucon p\u00e8lerin<\/a><\/p>\n<p><a href=\"https:\/\/mnbruchepiemont.org\/?page_id=4293\" target=\"_blank\" rel=\"noopener noreferrer\">Photos nid Balbuzard p\u00eacheur<\/a><\/p>\n<p><a href=\"https:\/\/mnbruchepiemont.org\/?page_id=4304\" target=\"_blank\" rel=\"noopener noreferrer\">Photos nid Effraie des clochers<\/a><\/p>\n<p><a href=\"https:\/\/mnbruchepiemont.org\/?page_id=4334\" target=\"_blank\" rel=\"noopener noreferrer\">Photos nid Chev\u00eache ath\u00e9na<\/a><\/p>\n<div>\n<div class=\"_1mf _1mj\"><a href=\"https:\/\/mnbruchepiemont.org\/?page_id=4387\" target=\"_blank\" rel=\"noopener noreferrer\">Photos nid Merle noir<\/a><\/div>\n<\/div>\n<p>&nbsp;<\/p>\n","protected":false},"excerpt":{"rendered":"<p>Balbuzard p\u00eacheur La Mangeoire du jardin M\u00e9sange charboni\u00e8re\u00a0 M\u00e9sange bleue Cigogne (Nederland) Grand-duc d&#8217;europe Pygargue \u00e0 queue blanche Chev\u00eache ath\u00e9na Un poste de nourrissage et une petite mare o\u00f9 les oiseaux viennent se baigner&#8230;. Photos nid de Pygargues Photos nid &hellip; <a href=\"https:\/\/mnbruchepiemont.org\/?page_id=4031\">Continuer la lecture <span class=\"meta-nav\">&rarr;<\/span><\/a><\/p>\n","protected":false},"author":8,"featured_media":0,"parent":0,"menu_order":0,"comment_status":"closed","ping_status":"closed","template":"","meta":{"footnotes":""},"class_list":["post-4031","page","type-page","status-publish","hentry"],"_links":{"self":[{"href":"https:\/\/mnbruchepiemont.org\/index.php?rest_route=\/wp\/v2\/pages\/4031","targetHints":{"allow":["GET"]}}],"collection":[{"href":"https:\/\/mnbruchepiemont.org\/index.php?rest_route=\/wp\/v2\/pages"}],"about":[{"href":"https:\/\/mnbruchepiemont.org\/index.php?rest_route=\/wp\/v2\/types\/page"}],"author":[{"embeddable":true,"href":"https:\/\/mnbruchepiemont.org\/index.php?rest_route=\/wp\/v2\/users\/8"}],"replies":[{"embeddable":true,"href":"https:\/\/mnbruchepiemont.org\/index.php?rest_route=%2Fwp%2Fv2%2Fcomments&post=4031"}],"version-history":[{"count":54,"href":"https:\/\/mnbruchepiemont.org\/index.php?rest_route=\/wp\/v2\/pages\/4031\/revisions"}],"predecessor-version":[{"id":5493,"href":"https:\/\/mnbruchepiemont.org\/index.php?rest_route=\/wp\/v2\/pages\/4031\/revisions\/5493"}],"wp:attachment":[{"href":"https:\/\/mnbruchepiemont.org\/index.php?rest_route=%2Fwp%2Fv2%2Fmedia&parent=4031"}],"curies":[{"name":"wp","href":"https:\/\/api.w.org\/{rel}","templated":true}]}}