{"id":4017,"date":"2020-04-16T16:14:37","date_gmt":"2020-04-16T14:14:37","guid":{"rendered":"http:\/\/mnbruchepiemont.org\/?page_id=4017"},"modified":"2020-04-16T16:23:13","modified_gmt":"2020-04-16T14:23:13","slug":"proposee-par-laetitia-redel","status":"publish","type":"page","link":"https:\/\/mnbruchepiemont.org\/?page_id=4017","title":{"rendered":"Propos\u00e9e par Laetitia Redel, sylvoth\u00e9rapeute"},"content":{"rendered":"<div>\n<div class=\"_1mf _1mj\">Laetitia sylvoth\u00e9rapeute nous propose une connexion \u00e0 la nature. N&#8217;h\u00e9sitez pas \u00e0 nous faire des retours sur votre exp\u00e9rience !<\/div>\n<\/div>\n<div>\n<div class=\"_1mf _1mj\"><span class=\"_247o\">Le site internet de notre partenaire :\u00a0<span id=\"OBJ_PREFIX_DWT92_com_zimbra_url\" class=\"Object\"><a href=\"http:\/\/www.naturezsoi.com\/\" target=\"_blank\" rel=\"noopener noreferrer\">www.naturezsoi.com<\/a><\/span><\/span><\/div>\n<\/div>\n<a href=\"https:\/\/mnbruchepiemont.org\/WORDPRESS\/wp-content\/uploads\/Gardons-le-contact....pdf\" class=\"pdfemb-viewer\" style=\"\" data-width=\"max\" data-height=\"max\" data-toolbar=\"bottom\" data-toolbar-fixed=\"on\">Gardons le contact\u2026<\/a>\n","protected":false},"excerpt":{"rendered":"<p>Laetitia sylvoth\u00e9rapeute nous propose une connexion \u00e0 la nature. N&#8217;h\u00e9sitez pas \u00e0 nous faire des retours sur votre exp\u00e9rience ! Le site internet de notre partenaire :\u00a0www.naturezsoi.com<\/p>\n","protected":false},"author":8,"featured_media":0,"parent":0,"menu_order":0,"comment_status":"closed","ping_status":"closed","template":"","meta":{"footnotes":""},"class_list":["post-4017","page","type-page","status-publish","hentry"],"_links":{"self":[{"href":"https:\/\/mnbruchepiemont.org\/index.php?rest_route=\/wp\/v2\/pages\/4017","targetHints":{"allow":["GET"]}}],"collection":[{"href":"https:\/\/mnbruchepiemont.org\/index.php?rest_route=\/wp\/v2\/pages"}],"about":[{"href":"https:\/\/mnbruchepiemont.org\/index.php?rest_route=\/wp\/v2\/types\/page"}],"author":[{"embeddable":true,"href":"https:\/\/mnbruchepiemont.org\/index.php?rest_route=\/wp\/v2\/users\/8"}],"replies":[{"embeddable":true,"href":"https:\/\/mnbruchepiemont.org\/index.php?rest_route=%2Fwp%2Fv2%2Fcomments&post=4017"}],"version-history":[{"count":3,"href":"https:\/\/mnbruchepiemont.org\/index.php?rest_route=\/wp\/v2\/pages\/4017\/revisions"}],"predecessor-version":[{"id":4028,"href":"https:\/\/mnbruchepiemont.org\/index.php?rest_route=\/wp\/v2\/pages\/4017\/revisions\/4028"}],"wp:attachment":[{"href":"https:\/\/mnbruchepiemont.org\/index.php?rest_route=%2Fwp%2Fv2%2Fmedia&parent=4017"}],"curies":[{"name":"wp","href":"https:\/\/api.w.org\/{rel}","templated":true}]}}