{"id":2972,"date":"2018-04-03T20:47:50","date_gmt":"2018-04-03T18:47:50","guid":{"rendered":"http:\/\/mnbruchepiemont.org\/?page_id=2972"},"modified":"2026-01-26T18:00:00","modified_gmt":"2026-01-26T17:00:00","slug":"adhesion-en-ligne","status":"publish","type":"page","link":"https:\/\/mnbruchepiemont.org\/?page_id=2972","title":{"rendered":"Adh\u00e9sion &#8220;en ligne&#8221;"},"content":{"rendered":"<p>Nous avons choisi d&#8217;utiliser le site HelloAsso.com pour g\u00e9rer l&#8217;enregistrement des adh\u00e9sions et les dons. Nous vous rappelons que l&#8217;adh\u00e9sion annuelle (individuelle ou famille) est n\u00e9cessaire pour toute inscription \u00e0 des activit\u00e9s organis\u00e9es par la MNBP.<\/p>\n<p><a href=\"https:\/\/www.helloasso.com\/associations\/maison-de-la-nature-bruche-piemont\/adhesions\/adhesion-en-ligne-2026\" target=\"_blank\" rel=\"noopener noreferrer\">Voici un lien pour adh\u00e9rer tr\u00e8s facilement et payer votre cotisation.<\/a><\/p>\n<p>Merci d&#8217;avance \u00e0 tous ceux qui utiliseront le lien HelloAsso.<br \/>\nLien vers le bulletin d&#8217;adh\u00e9sion 2026 <a href=\"https:\/\/mnbruchepiemont.org\/WORDPRESS\/wp-content\/uploads\/MNBP-bulletin-dadhesion-2026.pdf\" target=\"_blank\" rel=\"noopener\">Bulletin d&#8217;adh\u00e9sion &#8220;papier&#8221;<\/a><\/p>\n<p>&nbsp;<\/p>\n<p>&nbsp;<\/p>\n<p>&nbsp;<\/p>\n<p>&nbsp;<\/p>\n<p>&nbsp;<\/p>\n<p>&nbsp;<\/p>\n<p>&nbsp;<\/p>\n<p>&nbsp;<\/p>\n","protected":false},"excerpt":{"rendered":"<p>Nous avons choisi d&#8217;utiliser le site HelloAsso.com pour g\u00e9rer l&#8217;enregistrement des adh\u00e9sions et les dons. Nous vous rappelons que l&#8217;adh\u00e9sion annuelle (individuelle ou famille) est n\u00e9cessaire pour toute inscription \u00e0 des activit\u00e9s organis\u00e9es par la MNBP. Voici un lien pour &hellip; <a href=\"https:\/\/mnbruchepiemont.org\/?page_id=2972\">Continuer la lecture <span class=\"meta-nav\">&rarr;<\/span><\/a><\/p>\n","protected":false},"author":8,"featured_media":0,"parent":0,"menu_order":0,"comment_status":"closed","ping_status":"closed","template":"","meta":{"footnotes":""},"class_list":["post-2972","page","type-page","status-publish","hentry"],"_links":{"self":[{"href":"https:\/\/mnbruchepiemont.org\/index.php?rest_route=\/wp\/v2\/pages\/2972","targetHints":{"allow":["GET"]}}],"collection":[{"href":"https:\/\/mnbruchepiemont.org\/index.php?rest_route=\/wp\/v2\/pages"}],"about":[{"href":"https:\/\/mnbruchepiemont.org\/index.php?rest_route=\/wp\/v2\/types\/page"}],"author":[{"embeddable":true,"href":"https:\/\/mnbruchepiemont.org\/index.php?rest_route=\/wp\/v2\/users\/8"}],"replies":[{"embeddable":true,"href":"https:\/\/mnbruchepiemont.org\/index.php?rest_route=%2Fwp%2Fv2%2Fcomments&post=2972"}],"version-history":[{"count":27,"href":"https:\/\/mnbruchepiemont.org\/index.php?rest_route=\/wp\/v2\/pages\/2972\/revisions"}],"predecessor-version":[{"id":6527,"href":"https:\/\/mnbruchepiemont.org\/index.php?rest_route=\/wp\/v2\/pages\/2972\/revisions\/6527"}],"wp:attachment":[{"href":"https:\/\/mnbruchepiemont.org\/index.php?rest_route=%2Fwp%2Fv2%2Fmedia&parent=2972"}],"curies":[{"name":"wp","href":"https:\/\/api.w.org\/{rel}","templated":true}]}}