{"id":2965,"date":"2018-04-03T20:35:50","date_gmt":"2018-04-03T18:35:50","guid":{"rendered":"http:\/\/mnbruchepiemont.org\/?page_id=2965"},"modified":"2026-02-17T17:40:30","modified_gmt":"2026-02-17T16:40:30","slug":"formulaires-pour-inscriptions-des-enfants-a-des-activites","status":"publish","type":"page","link":"https:\/\/mnbruchepiemont.org\/?page_id=2965","title":{"rendered":"Inscriptions des enfants \u00e0 des activit\u00e9s (Fiche de Liaison sur 4 pages)"},"content":{"rendered":"<p>L&#8217;inscription d&#8217;enfants \u00e0 des activit\u00e9s fait l&#8217;objet d&#8217;un certain nombre d&#8217;obligations.<\/p>\n<div>Nous vous rappelons que l&#8217;adh\u00e9sion annuelle (individuelle ou famille) est n\u00e9cessaire pour toute inscription \u00e0 des activit\u00e9s organis\u00e9es par la MNBP.<\/div>\n<div>L&#8217;inscription individuelle n&#8217;est possible que pour les personnes majeures.<\/div>\n<div>Pour les mineurs, une inscription Famille doit \u00eatre prise par un majeur responsable l\u00e9gal du mineur.<\/div>\n<div><\/div>\n<p>Pour vous permettre de remplir le document &#8220;Fiche de Liaison&#8221; nous le mettons \u00e0 votre disposition ici, et vous pouvez donc l&#8217;imprimer et le remplir chez vous.<\/p>\n<p>D&#8217;avance nous vous remercions. Ceci all\u00e9gera la proc\u00e9dure d&#8217;accueil des enfants lors des activit\u00e9s.<\/p>\n<p>Il n&#8217;y a maintenant plus qu&#8217;un seul document, mais attention, sur quatre pages.<\/p>\n<p><a href=\"https:\/\/mnbruchepiemont.org\/WORDPRESS\/wp-content\/uploads\/Fiche_liaison_MNBP_ACEM_2026.pdf\" target=\"_blank\" rel=\"noopener\">Pour charger le document (4 pages)<\/a><\/p>\n<a href=\"https:\/\/mnbruchepiemont.org\/WORDPRESS\/wp-content\/uploads\/Fiche_liaison_MNBP_ACEM_2026.pdf\" class=\"pdfemb-viewer\" style=\"\" data-width=\"max\" data-height=\"max\" data-toolbar=\"bottom\" data-toolbar-fixed=\"on\">Fiche_liaison_MNBP_ACEM_2026<\/a>\n<p>&nbsp;<\/p>\n<p>&nbsp;<\/p>\n<p>&nbsp;<\/p>\n<p>&nbsp;<\/p>\n<p>&nbsp;<\/p>\n","protected":false},"excerpt":{"rendered":"<p>L&#8217;inscription d&#8217;enfants \u00e0 des activit\u00e9s fait l&#8217;objet d&#8217;un certain nombre d&#8217;obligations. Nous vous rappelons que l&#8217;adh\u00e9sion annuelle (individuelle ou famille) est n\u00e9cessaire pour toute inscription \u00e0 des activit\u00e9s organis\u00e9es par la MNBP. L&#8217;inscription individuelle n&#8217;est possible que pour les personnes &hellip; <a href=\"https:\/\/mnbruchepiemont.org\/?page_id=2965\">Continuer la lecture <span class=\"meta-nav\">&rarr;<\/span><\/a><\/p>\n","protected":false},"author":8,"featured_media":0,"parent":0,"menu_order":0,"comment_status":"closed","ping_status":"closed","template":"","meta":{"footnotes":""},"class_list":["post-2965","page","type-page","status-publish","hentry"],"_links":{"self":[{"href":"https:\/\/mnbruchepiemont.org\/index.php?rest_route=\/wp\/v2\/pages\/2965","targetHints":{"allow":["GET"]}}],"collection":[{"href":"https:\/\/mnbruchepiemont.org\/index.php?rest_route=\/wp\/v2\/pages"}],"about":[{"href":"https:\/\/mnbruchepiemont.org\/index.php?rest_route=\/wp\/v2\/types\/page"}],"author":[{"embeddable":true,"href":"https:\/\/mnbruchepiemont.org\/index.php?rest_route=\/wp\/v2\/users\/8"}],"replies":[{"embeddable":true,"href":"https:\/\/mnbruchepiemont.org\/index.php?rest_route=%2Fwp%2Fv2%2Fcomments&post=2965"}],"version-history":[{"count":54,"href":"https:\/\/mnbruchepiemont.org\/index.php?rest_route=\/wp\/v2\/pages\/2965\/revisions"}],"predecessor-version":[{"id":6560,"href":"https:\/\/mnbruchepiemont.org\/index.php?rest_route=\/wp\/v2\/pages\/2965\/revisions\/6560"}],"wp:attachment":[{"href":"https:\/\/mnbruchepiemont.org\/index.php?rest_route=%2Fwp%2Fv2%2Fmedia&parent=2965"}],"curies":[{"name":"wp","href":"https:\/\/api.w.org\/{rel}","templated":true}]}}