{"id":2959,"date":"2018-04-01T10:47:04","date_gmt":"2018-04-01T08:47:04","guid":{"rendered":"http:\/\/mnbruchepiemont.org\/?page_id=2959"},"modified":"2025-04-28T16:26:40","modified_gmt":"2025-04-28T14:26:40","slug":"inscription-club-nature","status":"publish","type":"page","link":"https:\/\/mnbruchepiemont.org\/?page_id=2959","title":{"rendered":"Inscription Club Nature"},"content":{"rendered":"<p>Il y a plusieurs Club Nature organis\u00e9s, toujours pendant des vacances scolaires (printemps, \u00e9t\u00e9, automne).<\/p>\n<p>&nbsp;<\/p>\n<p>Vous trouverez les dates sur ce site dans le <a href=\"https:\/\/mnbruchepiemont.org\/?page_id=1261\" target=\"_blank\" rel=\"noopener noreferrer\">programme de la MNBP<\/a> ou dans le calendrier (accessible sur la page d&#8217;accueil).<\/p>\n<p>Pour chaque inscription <strong>il faut remplir 3 formulaire<\/strong>s que vous trouverez ici: =&gt;\u00a0<a href=\"https:\/\/mnbruchepiemont.org\/?page_id=2965\" target=\"_blank\" rel=\"noopener noreferrer\">Formulaires<\/a><\/p>\n<p>Nous vous rappelons que l&#8217;adh\u00e9sion annuelle (individuelle ou famille) est n\u00e9cessaire pour toute inscription \u00e0 des activit\u00e9s organis\u00e9es par la MNBP.<br \/>\nL&#8217;inscription individuelle n&#8217;est possible que pour les personnes majeures.<br \/>\nPour les mineurs, une inscription Famille doit \u00eatre prise par un majeur responsable l\u00e9gal du mineur.<\/p>\n<div><\/div>\n","protected":false},"excerpt":{"rendered":"<p>Il y a plusieurs Club Nature organis\u00e9s, toujours pendant des vacances scolaires (printemps, \u00e9t\u00e9, automne). &nbsp; Vous trouverez les dates sur ce site dans le programme de la MNBP ou dans le calendrier (accessible sur la page d&#8217;accueil). Pour chaque &hellip; <a href=\"https:\/\/mnbruchepiemont.org\/?page_id=2959\">Continuer la lecture <span class=\"meta-nav\">&rarr;<\/span><\/a><\/p>\n","protected":false},"author":8,"featured_media":0,"parent":0,"menu_order":0,"comment_status":"closed","ping_status":"closed","template":"","meta":{"footnotes":""},"class_list":["post-2959","page","type-page","status-publish","hentry"],"_links":{"self":[{"href":"https:\/\/mnbruchepiemont.org\/index.php?rest_route=\/wp\/v2\/pages\/2959","targetHints":{"allow":["GET"]}}],"collection":[{"href":"https:\/\/mnbruchepiemont.org\/index.php?rest_route=\/wp\/v2\/pages"}],"about":[{"href":"https:\/\/mnbruchepiemont.org\/index.php?rest_route=\/wp\/v2\/types\/page"}],"author":[{"embeddable":true,"href":"https:\/\/mnbruchepiemont.org\/index.php?rest_route=\/wp\/v2\/users\/8"}],"replies":[{"embeddable":true,"href":"https:\/\/mnbruchepiemont.org\/index.php?rest_route=%2Fwp%2Fv2%2Fcomments&post=2959"}],"version-history":[{"count":15,"href":"https:\/\/mnbruchepiemont.org\/index.php?rest_route=\/wp\/v2\/pages\/2959\/revisions"}],"predecessor-version":[{"id":6215,"href":"https:\/\/mnbruchepiemont.org\/index.php?rest_route=\/wp\/v2\/pages\/2959\/revisions\/6215"}],"wp:attachment":[{"href":"https:\/\/mnbruchepiemont.org\/index.php?rest_route=%2Fwp%2Fv2%2Fmedia&parent=2959"}],"curies":[{"name":"wp","href":"https:\/\/api.w.org\/{rel}","templated":true}]}}