{"id":2955,"date":"2018-04-01T10:40:59","date_gmt":"2018-04-01T08:40:59","guid":{"rendered":"http:\/\/mnbruchepiemont.org\/?page_id=2955"},"modified":"2019-04-04T13:07:38","modified_gmt":"2019-04-04T11:07:38","slug":"inscriptions-mercredis-natures","status":"publish","type":"page","link":"https:\/\/mnbruchepiemont.org\/?page_id=2955","title":{"rendered":"Inscriptions Mercredis nature"},"content":{"rendered":"<p>Il y a deux p\u00e9riodes de l&#8217;ann\u00e9es o\u00f9 sont organis\u00e9e une s\u00e9rie de 4 mercredis natures: au printemps (4 mercredis en mai-juin) et \u00e0 l&#8217;automne (4 mercredis en septembre-octobre).<\/p>\n<p>&nbsp;<\/p>\n<p>Vous trouverez les dates sur ce site dans le <a href=\"https:\/\/mnbruchepiemont.org\/?page_id=1261\" target=\"_blank\" rel=\"noopener noreferrer\">programme de la MNBP<\/a> ou dans le calendrier (accessible sur la page d&#8217;accueil).<\/p>\n<p>Pour chaque inscription il faut remplir 3 formulaires que vous trouverez ici:\u00a0<a href=\"https:\/\/mnbruchepiemont.org\/?page_id=2965\" target=\"_blank\" rel=\"noopener noreferrer\">Formulaires<\/a><\/p>\n<p>Le lien pour l&#8217;inscription au Mercredis Nature de printemps est ci-dessous<br \/>\nPlaces limit\u00e9es, <a href=\"https:\/\/www.helloasso.com\/associations\/maison-de-la-nature-bruche-piemont\/evenements\/les-mercredis-nature\/\" target=\"_blank\" rel=\"noopener noreferrer\">r\u00e9servation obligatoire avec ce lien<br \/>\n<\/a>En cas de difficult\u00e9 t\u00e9l\u00e9phoner \u00e0 la MNBP au 06 76 84 34 53<\/p>\n<p>Nous vous rappelons que l&#8217;adh\u00e9sion annuelle (individuelle ou famille) est n\u00e9cessaire pour toute inscription \u00e0 des activit\u00e9s organis\u00e9es par la MNBP.<\/p>\n","protected":false},"excerpt":{"rendered":"<p>Il y a deux p\u00e9riodes de l&#8217;ann\u00e9es o\u00f9 sont organis\u00e9e une s\u00e9rie de 4 mercredis natures: au printemps (4 mercredis en mai-juin) et \u00e0 l&#8217;automne (4 mercredis en septembre-octobre). &nbsp; Vous trouverez les dates sur ce site dans le programme &hellip; <a href=\"https:\/\/mnbruchepiemont.org\/?page_id=2955\">Continuer la lecture <span class=\"meta-nav\">&rarr;<\/span><\/a><\/p>\n","protected":false},"author":8,"featured_media":0,"parent":0,"menu_order":0,"comment_status":"closed","ping_status":"closed","template":"","meta":{"footnotes":""},"class_list":["post-2955","page","type-page","status-publish","hentry"],"_links":{"self":[{"href":"https:\/\/mnbruchepiemont.org\/index.php?rest_route=\/wp\/v2\/pages\/2955","targetHints":{"allow":["GET"]}}],"collection":[{"href":"https:\/\/mnbruchepiemont.org\/index.php?rest_route=\/wp\/v2\/pages"}],"about":[{"href":"https:\/\/mnbruchepiemont.org\/index.php?rest_route=\/wp\/v2\/types\/page"}],"author":[{"embeddable":true,"href":"https:\/\/mnbruchepiemont.org\/index.php?rest_route=\/wp\/v2\/users\/8"}],"replies":[{"embeddable":true,"href":"https:\/\/mnbruchepiemont.org\/index.php?rest_route=%2Fwp%2Fv2%2Fcomments&post=2955"}],"version-history":[{"count":10,"href":"https:\/\/mnbruchepiemont.org\/index.php?rest_route=\/wp\/v2\/pages\/2955\/revisions"}],"predecessor-version":[{"id":3497,"href":"https:\/\/mnbruchepiemont.org\/index.php?rest_route=\/wp\/v2\/pages\/2955\/revisions\/3497"}],"wp:attachment":[{"href":"https:\/\/mnbruchepiemont.org\/index.php?rest_route=%2Fwp%2Fv2%2Fmedia&parent=2955"}],"curies":[{"name":"wp","href":"https:\/\/api.w.org\/{rel}","templated":true}]}}