{"id":2770,"date":"2018-01-13T14:18:27","date_gmt":"2018-01-13T13:18:27","guid":{"rendered":"http:\/\/mnbruchepiemont.org\/?page_id=2770"},"modified":"2021-09-12T18:54:08","modified_gmt":"2021-09-12T16:54:08","slug":"senshasel","status":"publish","type":"page","link":"https:\/\/mnbruchepiemont.org\/?page_id=2770","title":{"rendered":"Sens&#8217;Hasel"},"content":{"rendered":"<p>Attention il y a deux pages \u00e0 regarder.<\/p>\n<p>N&#8217;oubliez pas de cliquer sur l&#8217;ic\u00f4ne page suivante<\/p>\n<a href=\"https:\/\/mnbruchepiemont.org\/WORDPRESS\/wp-content\/uploads\/flyer-senshasel.pdf\" class=\"pdfemb-viewer\" style=\"\" data-width=\"max\" data-height=\"max\" data-toolbar=\"bottom\" data-toolbar-fixed=\"on\">flyer senshasel<\/a>\n<p>&nbsp;<\/p>\n<p>&nbsp;<\/p>\n<p>En partenariat avec la commune d&#8217;Oberhaslach<\/p>\n<p><a href=\"https:\/\/mnbruchepiemont.org\/?attachment_id=3835\" rel=\"attachment wp-att-3835\"><img loading=\"lazy\" decoding=\"async\" class=\"alignnone size-full wp-image-3835\" src=\"https:\/\/mnbruchepiemont.org\/WORDPRESS\/wp-content\/uploads\/Oberhaslach.jpg\" alt=\"\" width=\"200\" height=\"246\" \/><\/a><a href=\"https:\/\/mnbruchepiemont.org\/?attachment_id=3836\" rel=\"attachment wp-att-3836\"><img loading=\"lazy\" decoding=\"async\" class=\"size-medium wp-image-3836 alignnone\" src=\"https:\/\/mnbruchepiemont.org\/WORDPRESS\/wp-content\/uploads\/senshasel-300x123.png\" alt=\"\" width=\"300\" height=\"123\" srcset=\"https:\/\/mnbruchepiemont.org\/WORDPRESS\/wp-content\/uploads\/senshasel-300x123.png 300w, https:\/\/mnbruchepiemont.org\/WORDPRESS\/wp-content\/uploads\/senshasel.png 350w\" sizes=\"auto, (max-width: 300px) 100vw, 300px\" \/><\/a><\/p>\n<p>&nbsp;<\/p>\n<p><a href=\"https:\/\/youtu.be\/cpZY8Razvq4\" target=\"_blank\" rel=\"noopener noreferrer\">Vid\u00e9o Sens&#8217;Hasel<\/a><\/p>\n","protected":false},"excerpt":{"rendered":"<p>Attention il y a deux pages \u00e0 regarder. N&#8217;oubliez pas de cliquer sur l&#8217;ic\u00f4ne page suivante &nbsp; &nbsp; En partenariat avec la commune d&#8217;Oberhaslach &nbsp; Vid\u00e9o Sens&#8217;Hasel<\/p>\n","protected":false},"author":8,"featured_media":0,"parent":0,"menu_order":0,"comment_status":"closed","ping_status":"closed","template":"","meta":{"footnotes":""},"class_list":["post-2770","page","type-page","status-publish","hentry"],"_links":{"self":[{"href":"https:\/\/mnbruchepiemont.org\/index.php?rest_route=\/wp\/v2\/pages\/2770","targetHints":{"allow":["GET"]}}],"collection":[{"href":"https:\/\/mnbruchepiemont.org\/index.php?rest_route=\/wp\/v2\/pages"}],"about":[{"href":"https:\/\/mnbruchepiemont.org\/index.php?rest_route=\/wp\/v2\/types\/page"}],"author":[{"embeddable":true,"href":"https:\/\/mnbruchepiemont.org\/index.php?rest_route=\/wp\/v2\/users\/8"}],"replies":[{"embeddable":true,"href":"https:\/\/mnbruchepiemont.org\/index.php?rest_route=%2Fwp%2Fv2%2Fcomments&post=2770"}],"version-history":[{"count":10,"href":"https:\/\/mnbruchepiemont.org\/index.php?rest_route=\/wp\/v2\/pages\/2770\/revisions"}],"predecessor-version":[{"id":4937,"href":"https:\/\/mnbruchepiemont.org\/index.php?rest_route=\/wp\/v2\/pages\/2770\/revisions\/4937"}],"wp:attachment":[{"href":"https:\/\/mnbruchepiemont.org\/index.php?rest_route=%2Fwp%2Fv2%2Fmedia&parent=2770"}],"curies":[{"name":"wp","href":"https:\/\/api.w.org\/{rel}","templated":true}]}}