{"id":23,"date":"2013-02-02T16:26:41","date_gmt":"2013-02-02T15:26:41","guid":{"rendered":"http:\/\/mnbruchepiemont.org\/WORDPRESS\/?page_id=23"},"modified":"2017-03-29T19:58:32","modified_gmt":"2017-03-29T17:58:32","slug":"23-2","status":"publish","type":"page","link":"https:\/\/mnbruchepiemont.org\/?page_id=23","title":{"rendered":"Qui sommes-nous ?"},"content":{"rendered":"<address style=\"text-align: center;\"><img loading=\"lazy\" decoding=\"async\" class=\"aligncenter\" title=\"Zone r\u00e9serv\u00e9e au webmaster\" src=\"https:\/\/mnbruchepiemont.org\/WORDPRESS\/wp-content\/uploads\/nouveaulogo.jpg\" alt=\"MNBP\" width=\"414\" height=\"240\" \/><\/address>\n<address style=\"text-align: center;\">***************<\/address>\n<address style=\"text-align: center;\"><strong>Association d&#8217;\u00e9ducation \u00e0 la nature et \u00e0 l&#8217;environnement\u00a0 sur le territoire Bruche Mossig Pi\u00e9mont<\/strong><\/address>\n<address style=\"text-align: center;\">*****************<\/address>\n<h1 style=\"text-align: left;\"><\/h1>\n<h1 style=\"text-align: left;\">&#8212;&#8212;&#8212;&#8212;&#8212;&#8212;&#8212;&#8212;&#8212;&#8212;&#8212;&#8212;&#8212;&#8212;&#8212;&#8212;&#8212;&#8212;&#8212;&#8212;&#8212;&#8212;&#8212;&#8212;&#8212;&#8212;&#8212;&#8212;&#8212;&#8212;&#8212;&#8212;&#8212;&#8212;&#8212;&#8212;&#8212;&#8212;<\/h1>\n<p><span style=\"color: #3366ff; font-family: Comic Sans MS; font-size: large;\"><a href=\"https:\/\/mnbruchepiemont.org\/WORDPRESS\/wp-content\/uploads\/chrono26_1.jpg\"><img loading=\"lazy\" decoding=\"async\" class=\"alignleft size-medium wp-image-24\" src=\"https:\/\/mnbruchepiemont.org\/WORDPRESS\/wp-content\/uploads\/chrono26_1-127x300.jpg\" alt=\"MNBP\" width=\"127\" height=\"300\" srcset=\"https:\/\/mnbruchepiemont.org\/WORDPRESS\/wp-content\/uploads\/chrono26_1-127x300.jpg 127w, https:\/\/mnbruchepiemont.org\/WORDPRESS\/wp-content\/uploads\/chrono26_1.jpg 236w\" sizes=\"auto, (max-width: 127px) 100vw, 127px\" \/><\/a><\/span><strong>\u00a0La MNBP<\/strong><\/p>\n<div style=\"text-align: justify;\">La MNBP propose et f\u00e9d\u00e8re des animations d\u2019\u00e9ducation \u00e0 la nature, \u00e0 l\u2019environnement et au d\u00e9veloppement durable aupr\u00e8s de divers publics .<\/div>\n<div style=\"text-align: justify;\">Membre de l\u2019 ARIENA et forte du savoir faire reconnu de son r\u00e9seau, la MNBP propose des animations et actions aupr\u00e8s des publics scolaires et de loisir, mais aussi d\u2019autres publics dans le cadre de l\u2019accompagnement des politiques du territoire.<\/div>\n<div style=\"text-align: justify;\">Ces animations sont encadr\u00e9es par des animatrices-nature form\u00e9es ainsi que des b\u00e9n\u00e9voles experts et engag\u00e9s.<\/div>\n<div style=\"text-align: justify;\"><\/div>\n<p style=\"text-align: left;\">T\u00e9l\u00e9charger les <a href=\"https:\/\/mnbruchepiemont.org\/WORDPRESS\/?attachment_id=31\" rel=\"attachment wp-att-31\">Statuts de l&#8217;association<\/a><\/p>\n<p style=\"text-align: left;\">T\u00e9l\u00e9charger les <a href=\"https:\/\/mnbruchepiemont.org\/?attachment_id=2655\" rel=\"attachment wp-att-31\">modifications de Statuts de l&#8217;association<\/a><\/p>\n<p style=\"text-align: left;\"><strong>Notre Territoire<\/strong><\/p>\n<p style=\"text-align: justify;\">La maison de la Nature Bruche Pi\u00e9mont agit sur un territoire vaste <a href=\"https:\/\/mnbruchepiemont.org\/WORDPRESS\/wp-content\/uploads\/carte-pays-bmp-agr1.jpg\"><img loading=\"lazy\" decoding=\"async\" class=\" wp-image-669 alignright\" src=\"https:\/\/mnbruchepiemont.org\/WORDPRESS\/wp-content\/uploads\/carte-pays-bmp-agr1-300x275.jpg\" alt=\"carte-pays-bmp-agr1\" width=\"322\" height=\"297\" srcset=\"https:\/\/mnbruchepiemont.org\/WORDPRESS\/wp-content\/uploads\/carte-pays-bmp-agr1-326x300.jpg 326w, https:\/\/mnbruchepiemont.org\/WORDPRESS\/wp-content\/uploads\/carte-pays-bmp-agr1.jpg 643w\" sizes=\"auto, (max-width: 322px) 100vw, 322px\" \/><\/a>qui correspond globalement au maillage du pays Bruche Mossig Pi\u00e9mont. Il incluent la vall\u00e9e de la Bruche, les zones de Obernai et Rosheim, et la zone de la Mossig. Le coeur du territoire correspond au bassin de la Bruche et de ses affluents situ\u00e9s en amont de Lutzelhouse et\u00a0 de\u00a0 Muhlbach\u00a0 sur Bruche. C&#8217;est un territoire de la moyenne montagne vosgienne tr\u00e8s verdoyant et forestier. Il est caract\u00e9ris\u00e9 comme un axe de passage majeur entre l&#8217;Alsace et le d\u00e9partement des Vosges, une pr\u00e9sence humaine ancienne et un patrimoine naturel et culturel important (ch\u00e2teau du Guirbaden, site du Donon, site protohistorique de Mutzig, &#8230;)<\/p>\n<p style=\"text-align: justify;\"><strong>Le r\u00e9seau Ariena<\/strong><\/p>\n<p style=\"text-align: justify;\">La MNBP fait partie d&#8217;un r\u00e9seau structur\u00e9 et r\u00e9parti sur l&#8217;ensemble du territoire alsacien. L&#8217;Ariena (Association R\u00e9gionale pour l&#8217;Initiation \u00e0 l&#8217;Environnement et \u00e0 la Nature en Alsace) est n\u00e9e d&#8217;une volont\u00e9 r\u00e9gionale regroupant les associations, les collectivit\u00e9s et les administrations. Elle contribue \u00e0 l&#8217;\u00e9ducation de citoyens conscients et responsables \u00e0 l&#8217;\u00e9gard de la nature et de l&#8217;environnement. L\u2019ARIENA est reconnue d\u2019utilit\u00e9 publique et f\u00e9d\u00e8re une soixantaine de structures<\/p>\n<p>&nbsp;<\/p>\n","protected":false},"excerpt":{"rendered":"<p>*************** Association d&#8217;\u00e9ducation \u00e0 la nature et \u00e0 l&#8217;environnement\u00a0 sur le territoire Bruche Mossig Pi\u00e9mont ***************** &#8212;&#8212;&#8212;&#8212;&#8212;&#8212;&#8212;&#8212;&#8212;&#8212;&#8212;&#8212;&#8212;&#8212;&#8212;&#8212;&#8212;&#8212;&#8212;&#8212;&#8212;&#8212;&#8212;&#8212;&#8212;&#8212;&#8212;&#8212;&#8212;&#8212;&#8212;&#8212;&#8212;&#8212;&#8212;&#8212;&#8212;&#8212; \u00a0La MNBP La MNBP propose et f\u00e9d\u00e8re des animations d\u2019\u00e9ducation \u00e0 la nature, \u00e0 l\u2019environnement et au d\u00e9veloppement durable aupr\u00e8s de divers publics &hellip; <a href=\"https:\/\/mnbruchepiemont.org\/?page_id=23\">Continuer la lecture <span class=\"meta-nav\">&rarr;<\/span><\/a><\/p>\n","protected":false},"author":8,"featured_media":0,"parent":0,"menu_order":2,"comment_status":"closed","ping_status":"closed","template":"","meta":{"footnotes":""},"class_list":["post-23","page","type-page","status-publish","hentry"],"_links":{"self":[{"href":"https:\/\/mnbruchepiemont.org\/index.php?rest_route=\/wp\/v2\/pages\/23","targetHints":{"allow":["GET"]}}],"collection":[{"href":"https:\/\/mnbruchepiemont.org\/index.php?rest_route=\/wp\/v2\/pages"}],"about":[{"href":"https:\/\/mnbruchepiemont.org\/index.php?rest_route=\/wp\/v2\/types\/page"}],"author":[{"embeddable":true,"href":"https:\/\/mnbruchepiemont.org\/index.php?rest_route=\/wp\/v2\/users\/8"}],"replies":[{"embeddable":true,"href":"https:\/\/mnbruchepiemont.org\/index.php?rest_route=%2Fwp%2Fv2%2Fcomments&post=23"}],"version-history":[{"count":17,"href":"https:\/\/mnbruchepiemont.org\/index.php?rest_route=\/wp\/v2\/pages\/23\/revisions"}],"predecessor-version":[{"id":2658,"href":"https:\/\/mnbruchepiemont.org\/index.php?rest_route=\/wp\/v2\/pages\/23\/revisions\/2658"}],"wp:attachment":[{"href":"https:\/\/mnbruchepiemont.org\/index.php?rest_route=%2Fwp%2Fv2%2Fmedia&parent=23"}],"curies":[{"name":"wp","href":"https:\/\/api.w.org\/{rel}","templated":true}]}}