{"id":2014,"date":"2016-05-11T18:03:24","date_gmt":"2016-05-11T16:03:24","guid":{"rendered":"http:\/\/mnbruchepiemont.org\/?page_id=2014"},"modified":"2016-05-11T18:08:56","modified_gmt":"2016-05-11T16:08:56","slug":"les-cahiers-dariena","status":"publish","type":"page","link":"https:\/\/mnbruchepiemont.org\/?page_id=2014","title":{"rendered":"Les cahiers d&#8217;Ari\u00e9na"},"content":{"rendered":"<p><a title=\"Revenir sur la page d'accueil\" href=\"http:\/\/ariena.org\/\"><span id=\"titre\">Association R\u00e9gionale pour l&#8217;Initiation \u00e0 la Nature et \u00e0 l&#8217;Environnement en Alsace<\/span><\/a><span id=\"rup\"><br \/>\n<\/span><span id=\"rup\">Mission reconnue d&#8217;utilit\u00e9 publique<\/span><\/p>\n<p>Cr\u00e9\u00e9e le 31 mai 1977, l\u2019Ariena \u2013 Association r\u00e9gionale pour l\u2019initiation \u00e0 l\u2019environnement et \u00e0 la nature en Alsace \u2013 est une association de droit local (loi 1908). Selon\u00a0<a title=\"T\u00e9l\u00e9charger les statuts de l'Ariena au format pdf\" href=\"http:\/\/ariena.org\/telecharger\/statuts-de-larinea\/\">l\u2019article 2 de ses statuts<\/a>,\u00a0\u00ab l\u2019Ariena a pour objet de contribuer \u00e0 l\u2019\u00e9ducation de citoyens conscients et responsables, capables de faire \u00e9voluer leurs comportements \u00e0 l\u2019\u00e9gard de leur environnement. Elle initie et promeut le d\u00e9veloppement, la coh\u00e9rence et l\u2019efficacit\u00e9 des actions d\u2019\u00e9ducation \u00e0 la nature, \u00e0 l\u2019environnement, au patrimoine, en particulier au patrimoine naturel, en Alsace. (\u2026) \u00bb<\/p>\n<p>Les cahiers d\u2019ariena constituent une collection de 15 cahiers th\u00e9matiques con\u00e7us pour les classes de CM1 et CM2. Chaque \u00e9dition se compose de deux supports imprim\u00e9s de 24 pages au format A4. Depuis le cahier d\u2019ariena n\u00b013 \u00a0\u00ab\u00a0L\u2019appel de la for\u00eat\u00a0\u00bb, une version num\u00e9rique interactive du cahier de l\u2019\u00e9l\u00e8ve et du guide p\u00e9dagogique (qui n\u2019est plus imprim\u00e9) sont apparus ! Ci-dessous vous trouverez un lien direct vers les cahiers accessibles en format \u00e9lectronique (y compris ceux qui ont \u00e9t\u00e9 repris sous ce format)<\/p>\n<p>Voici le lien vers la page donnant acc\u00e8s aux <a href=\"http:\/\/ariena.org\/cahier-ariena\/\" target=\"_blank\">cahiers d&#8217;Ari\u00e9na<\/a>.<\/p>\n<p>Cahier 14 &#8220;l<a href=\"http:\/\/fr.calameo.com\/read\/0000026853270cc6113e5\" target=\"_blank\">a face cach\u00e9e du sol<\/a>&#8221;<\/p>\n<p>Cahier 13 &#8220;<a href=\"http:\/\/en.calameo.com\/read\/000002685b0950fabb612\" target=\"_blank\">l&#8217;appel de la for\u00eat<\/a>&#8221;<\/p>\n<p>Cahier 12 &#8220;<a href=\"http:\/\/fr.calameo.com\/read\/000002685340e1aa0dba2\" target=\"_blank\">2031 o\u00f9 habiterons nous?<\/a>&#8221;<\/p>\n<p>Cahier 11 &#8220;<a href=\"https:\/\/fr.calameo.com\/read\/0000026854f77fbb26bf1\" target=\"_blank\">Enqu\u00eate de biodiversit\u00e9<\/a>&#8221;<\/p>\n<p>Cahier 10 &#8220;<a href=\"http:\/\/fr.calameo.com\/read\/000002685678f83aacf4f\" target=\"_blank\">Nos recettes pour la plan\u00e8te<\/a>&#8221;<\/p>\n<p>Cahier 9 &#8220;<a href=\"https:\/\/fr.calameo.com\/read\/000002685f92091bd4075\" target=\"_blank\">1,2,3&#8230; \u00e9nergies!<\/a>&#8221;<\/p>\n<p>Cahier 4 &#8220;<a href=\"https:\/\/fr.calameo.com\/read\/0000026857603eadf8b33\" target=\"_blank\">Transportez-vous bien<\/a>&#8220;<\/p>\n","protected":false},"excerpt":{"rendered":"<p>Association R\u00e9gionale pour l&#8217;Initiation \u00e0 la Nature et \u00e0 l&#8217;Environnement en Alsace Mission reconnue d&#8217;utilit\u00e9 publique Cr\u00e9\u00e9e le 31 mai 1977, l\u2019Ariena \u2013 Association r\u00e9gionale pour l\u2019initiation \u00e0 l\u2019environnement et \u00e0 la nature en Alsace \u2013 est une association de &hellip; <a href=\"https:\/\/mnbruchepiemont.org\/?page_id=2014\">Continuer la lecture <span class=\"meta-nav\">&rarr;<\/span><\/a><\/p>\n","protected":false},"author":8,"featured_media":0,"parent":0,"menu_order":0,"comment_status":"closed","ping_status":"closed","template":"","meta":{"footnotes":""},"class_list":["post-2014","page","type-page","status-publish","hentry"],"_links":{"self":[{"href":"https:\/\/mnbruchepiemont.org\/index.php?rest_route=\/wp\/v2\/pages\/2014","targetHints":{"allow":["GET"]}}],"collection":[{"href":"https:\/\/mnbruchepiemont.org\/index.php?rest_route=\/wp\/v2\/pages"}],"about":[{"href":"https:\/\/mnbruchepiemont.org\/index.php?rest_route=\/wp\/v2\/types\/page"}],"author":[{"embeddable":true,"href":"https:\/\/mnbruchepiemont.org\/index.php?rest_route=\/wp\/v2\/users\/8"}],"replies":[{"embeddable":true,"href":"https:\/\/mnbruchepiemont.org\/index.php?rest_route=%2Fwp%2Fv2%2Fcomments&post=2014"}],"version-history":[{"count":4,"href":"https:\/\/mnbruchepiemont.org\/index.php?rest_route=\/wp\/v2\/pages\/2014\/revisions"}],"predecessor-version":[{"id":2019,"href":"https:\/\/mnbruchepiemont.org\/index.php?rest_route=\/wp\/v2\/pages\/2014\/revisions\/2019"}],"wp:attachment":[{"href":"https:\/\/mnbruchepiemont.org\/index.php?rest_route=%2Fwp%2Fv2%2Fmedia&parent=2014"}],"curies":[{"name":"wp","href":"https:\/\/api.w.org\/{rel}","templated":true}]}}