{"id":1946,"date":"2016-04-13T17:12:46","date_gmt":"2016-04-13T15:12:46","guid":{"rendered":"http:\/\/mnbruchepiemont.org\/?page_id=1946"},"modified":"2020-02-17T13:10:22","modified_gmt":"2020-02-17T12:10:22","slug":"cuisine-aux-plantes-sauvages","status":"publish","type":"page","link":"https:\/\/mnbruchepiemont.org\/?page_id=1946","title":{"rendered":"Cuisine aux plantes sauvages"},"content":{"rendered":"<p><a href=\"https:\/\/mnbruchepiemont.org\/?attachment_id=3927\" rel=\"attachment wp-att-3927\"><img loading=\"lazy\" decoding=\"async\" class=\"alignnone size-medium wp-image-3927\" src=\"https:\/\/mnbruchepiemont.org\/WORDPRESS\/wp-content\/uploads\/Cuisine-du-Vivant-2020-294x300.jpg\" alt=\"\" width=\"294\" height=\"300\" srcset=\"https:\/\/mnbruchepiemont.org\/WORDPRESS\/wp-content\/uploads\/Cuisine-du-Vivant-2020-294x300.jpg 294w, https:\/\/mnbruchepiemont.org\/WORDPRESS\/wp-content\/uploads\/Cuisine-du-Vivant-2020.jpg 373w\" sizes=\"auto, (max-width: 294px) 100vw, 294px\" \/><\/a><\/p>\n<p>Ci dessous un reportage bien sympathique fait par une famille ayant particip\u00e9e \u00e0 une journ\u00e9e de &#8220;cuisine sauvage&#8221; le dimanche 10 avril 2016:<br \/>\n<a href=\"https:\/\/mnbruchepiemont.org\/?attachment_id=1945\" rel=\"attachment wp-att-1945\">Dimanche 10 Avril 2016<\/a><\/p>\n","protected":false},"excerpt":{"rendered":"<p>Ci dessous un reportage bien sympathique fait par une famille ayant particip\u00e9e \u00e0 une journ\u00e9e de &#8220;cuisine sauvage&#8221; le dimanche 10 avril 2016: Dimanche 10 Avril 2016<\/p>\n","protected":false},"author":8,"featured_media":0,"parent":0,"menu_order":0,"comment_status":"closed","ping_status":"closed","template":"","meta":{"footnotes":""},"class_list":["post-1946","page","type-page","status-publish","hentry"],"_links":{"self":[{"href":"https:\/\/mnbruchepiemont.org\/index.php?rest_route=\/wp\/v2\/pages\/1946","targetHints":{"allow":["GET"]}}],"collection":[{"href":"https:\/\/mnbruchepiemont.org\/index.php?rest_route=\/wp\/v2\/pages"}],"about":[{"href":"https:\/\/mnbruchepiemont.org\/index.php?rest_route=\/wp\/v2\/types\/page"}],"author":[{"embeddable":true,"href":"https:\/\/mnbruchepiemont.org\/index.php?rest_route=\/wp\/v2\/users\/8"}],"replies":[{"embeddable":true,"href":"https:\/\/mnbruchepiemont.org\/index.php?rest_route=%2Fwp%2Fv2%2Fcomments&post=1946"}],"version-history":[{"count":10,"href":"https:\/\/mnbruchepiemont.org\/index.php?rest_route=\/wp\/v2\/pages\/1946\/revisions"}],"predecessor-version":[{"id":3928,"href":"https:\/\/mnbruchepiemont.org\/index.php?rest_route=\/wp\/v2\/pages\/1946\/revisions\/3928"}],"wp:attachment":[{"href":"https:\/\/mnbruchepiemont.org\/index.php?rest_route=%2Fwp%2Fv2%2Fmedia&parent=1946"}],"curies":[{"name":"wp","href":"https:\/\/api.w.org\/{rel}","templated":true}]}}