{"id":1746,"date":"2016-01-24T09:46:56","date_gmt":"2016-01-24T08:46:56","guid":{"rendered":"http:\/\/mnbruchepiemont.org\/?page_id=1746"},"modified":"2016-04-20T15:18:50","modified_gmt":"2016-04-20T13:18:50","slug":"autres-liens","status":"publish","type":"page","link":"https:\/\/mnbruchepiemont.org\/?page_id=1746","title":{"rendered":"Observatoire des vers luisants"},"content":{"rendered":"<p><a href=\"https:\/\/mnbruchepiemont.org\/WORDPRESS\/wp-content\/uploads\/vers_luisants.jpg\" rel=\"attachment wp-att-1758\"><img loading=\"lazy\" decoding=\"async\" class=\"size-medium wp-image-1758 alignleft\" src=\"https:\/\/mnbruchepiemont.org\/WORDPRESS\/wp-content\/uploads\/vers_luisants-169x300.jpg\" alt=\"vers_luisants\" width=\"169\" height=\"300\" srcset=\"https:\/\/mnbruchepiemont.org\/WORDPRESS\/wp-content\/uploads\/vers_luisants-169x300.jpg 169w, https:\/\/mnbruchepiemont.org\/WORDPRESS\/wp-content\/uploads\/vers_luisants.jpg 236w\" sizes=\"auto, (max-width: 169px) 100vw, 169px\" \/><\/a>La maison de la Nature relaye des informations sur les \u00e9tudes concernant les vers luisants. Un projet participatif permet \u00e0 tous les amoureux de la nature de fournir des informations pr\u00e9cises et pr\u00e9cieuses qui permettront de mieux comprendre leur vie et leur r\u00e9partition.<\/p>\n<p>2 d\u00e9marches compl\u00e9mentaires sont possibles:<\/p>\n<p>La premi\u00e8re action consiste \u00e0 participer \u00e0 une &#8220;observation dans les jardins&#8221;, en r\u00e9pondant en quelques instants \u00e0 un questionnaire tr\u00e8s simple intitul\u00e9 &#8220;un ver luisant dans mon jardin&#8221;. Des documents sont disponible d\u00e8s le mois de\u00a0mai \u00e0 la MNBP. Il est aussi possible de r\u00e9pondre directement sur le site internet de l&#8217;observatoire.<\/p>\n<p>La deuxi\u00e8me action demande un peu plus de temps mais s&#8217;adresse toujours aux non sp\u00e9cialistes. Intitul\u00e9e &#8220;Mission sp\u00e9ciale&#8221;, il faut se d\u00e9clarer comme volontaire, d\u00e9crire sur le site internet de l&#8217;observatoire un parcours d&#8217;observation, puis apr\u00e8s feu vert de l&#8217;observatoire faire un relev\u00e9 pr\u00e9cis au moment indiqu\u00e9 et saisir les r\u00e9sultats sur ce m\u00eame site.<\/p>\n<p>Voici un lien vers le site expliquant la d\u00e9marche de l&#8217;observatoire des vers luisants:\u00a0<a href=\"http:\/\/www.observatoire-asterella.fr\/vers_luisants\/index.php?p=&amp;PHPSESSID=ki2c4j5818u9ss5ja1895g4gj0\" target=\"_blank\">www.observatoire-asterella.fr<\/a>.<\/p>\n<p>Vous trouverez une page\u00a0&#8220;<strong>Je veux participer imm\u00e9diatement<\/strong>&#8221; par laquelle vous pourrez acc\u00e9der aux d\u00e9marches\u00a0&#8220;<strong>Une observation dans mon jardin<\/strong>&#8221; et\u00a0&#8220;<strong>demander une mission sp\u00e9ciale<\/strong>&#8220;.<\/p>\n<p>Bonnes observations.<\/p>\n<p>&nbsp;<\/p>\n","protected":false},"excerpt":{"rendered":"<p>La maison de la Nature relaye des informations sur les \u00e9tudes concernant les vers luisants. Un projet participatif permet \u00e0 tous les amoureux de la nature de fournir des informations pr\u00e9cises et pr\u00e9cieuses qui permettront de mieux comprendre leur vie &hellip; <a href=\"https:\/\/mnbruchepiemont.org\/?page_id=1746\">Continuer la lecture <span class=\"meta-nav\">&rarr;<\/span><\/a><\/p>\n","protected":false},"author":8,"featured_media":0,"parent":0,"menu_order":0,"comment_status":"closed","ping_status":"closed","template":"","meta":{"footnotes":""},"class_list":["post-1746","page","type-page","status-publish","hentry"],"_links":{"self":[{"href":"https:\/\/mnbruchepiemont.org\/index.php?rest_route=\/wp\/v2\/pages\/1746","targetHints":{"allow":["GET"]}}],"collection":[{"href":"https:\/\/mnbruchepiemont.org\/index.php?rest_route=\/wp\/v2\/pages"}],"about":[{"href":"https:\/\/mnbruchepiemont.org\/index.php?rest_route=\/wp\/v2\/types\/page"}],"author":[{"embeddable":true,"href":"https:\/\/mnbruchepiemont.org\/index.php?rest_route=\/wp\/v2\/users\/8"}],"replies":[{"embeddable":true,"href":"https:\/\/mnbruchepiemont.org\/index.php?rest_route=%2Fwp%2Fv2%2Fcomments&post=1746"}],"version-history":[{"count":10,"href":"https:\/\/mnbruchepiemont.org\/index.php?rest_route=\/wp\/v2\/pages\/1746\/revisions"}],"predecessor-version":[{"id":1970,"href":"https:\/\/mnbruchepiemont.org\/index.php?rest_route=\/wp\/v2\/pages\/1746\/revisions\/1970"}],"wp:attachment":[{"href":"https:\/\/mnbruchepiemont.org\/index.php?rest_route=%2Fwp%2Fv2%2Fmedia&parent=1746"}],"curies":[{"name":"wp","href":"https:\/\/api.w.org\/{rel}","templated":true}]}}