{"id":1261,"date":"2015-03-13T08:58:00","date_gmt":"2015-03-13T07:58:00","guid":{"rendered":"http:\/\/mnbruchepiemont.org\/?page_id=1261"},"modified":"2025-08-27T15:24:18","modified_gmt":"2025-08-27T13:24:18","slug":"programme-2015","status":"publish","type":"page","link":"https:\/\/mnbruchepiemont.org\/?page_id=1261","title":{"rendered":"Programme &#8220;Loisir&#8221;"},"content":{"rendered":"<a href=\"https:\/\/mnbruchepiemont.org\/WORDPRESS\/wp-content\/uploads\/Affiche_Clubs_automne_25.pdf\" class=\"pdfemb-viewer\" style=\"\" data-width=\"max\" data-height=\"max\" data-toolbar=\"bottom\" data-toolbar-fixed=\"on\">Affiche_Clubs_automne_25<\/a>\n<p><a href=\"https:\/\/mnbruchepiemont.org\/WORDPRESS\/wp-content\/uploads\/Affiche_Clubs_automne_25.pdf\" target=\"_blank\" rel=\"noopener\">Programme Loisir<\/a><\/p>\n<p><a href=\"https:\/\/www.helloasso.com\/associations\/maison-de-la-nature-bruche-piemont\">Inscription via Hello Asso<\/a><\/p>\n<p><strong>Il y a dans le Menu un onglet &#8220;Calendrier des \u00c9v\u00e8nements en 2025&#8221; dans lequel vous trouverez l&#8217;agenda des animations qui est renseign\u00e9 au fur et \u00e0 mesure.<\/strong><\/p>\n<p>&nbsp;<\/p>\n","protected":false},"excerpt":{"rendered":"<p>Programme Loisir Inscription via Hello Asso Il y a dans le Menu un onglet &#8220;Calendrier des \u00c9v\u00e8nements en 2025&#8221; dans lequel vous trouverez l&#8217;agenda des animations qui est renseign\u00e9 au fur et \u00e0 mesure. &nbsp;<\/p>\n","protected":false},"author":8,"featured_media":0,"parent":0,"menu_order":0,"comment_status":"closed","ping_status":"closed","template":"","meta":{"footnotes":""},"class_list":["post-1261","page","type-page","status-publish","hentry"],"_links":{"self":[{"href":"https:\/\/mnbruchepiemont.org\/index.php?rest_route=\/wp\/v2\/pages\/1261","targetHints":{"allow":["GET"]}}],"collection":[{"href":"https:\/\/mnbruchepiemont.org\/index.php?rest_route=\/wp\/v2\/pages"}],"about":[{"href":"https:\/\/mnbruchepiemont.org\/index.php?rest_route=\/wp\/v2\/types\/page"}],"author":[{"embeddable":true,"href":"https:\/\/mnbruchepiemont.org\/index.php?rest_route=\/wp\/v2\/users\/8"}],"replies":[{"embeddable":true,"href":"https:\/\/mnbruchepiemont.org\/index.php?rest_route=%2Fwp%2Fv2%2Fcomments&post=1261"}],"version-history":[{"count":54,"href":"https:\/\/mnbruchepiemont.org\/index.php?rest_route=\/wp\/v2\/pages\/1261\/revisions"}],"predecessor-version":[{"id":6274,"href":"https:\/\/mnbruchepiemont.org\/index.php?rest_route=\/wp\/v2\/pages\/1261\/revisions\/6274"}],"wp:attachment":[{"href":"https:\/\/mnbruchepiemont.org\/index.php?rest_route=%2Fwp%2Fv2%2Fmedia&parent=1261"}],"curies":[{"name":"wp","href":"https:\/\/api.w.org\/{rel}","templated":true}]}}