{"id":1052,"date":"2015-01-21T18:36:45","date_gmt":"2015-01-21T17:36:45","guid":{"rendered":"http:\/\/mnbruchepiemont.org\/?page_id=1052"},"modified":"2024-06-04T11:50:01","modified_gmt":"2024-06-04T09:50:01","slug":"adhesion-individuelle-ou-adhesion-famille","status":"publish","type":"page","link":"https:\/\/mnbruchepiemont.org\/?page_id=1052","title":{"rendered":"Adh\u00e9sions, inscriptions &#038; Programme"},"content":{"rendered":"<p>Les adh\u00e9sions sont maintenant possible &#8220;en ligne&#8221; (voir la sous-page Adh\u00e9sions)<\/p>\n<p>et les formulaires d&#8217;inscriptions des enfants \u00e0 des activit\u00e9s sont disponibles dans les sous-pages suivantes.<\/p>\n<p>Nous vous rappelons que l&#8217;adh\u00e9sion annuelle (individuelle ou famille) est n\u00e9cessaire pour toute inscription \u00e0 des activit\u00e9s organis\u00e9es par la MNBP.<br \/>\nL&#8217;inscription individuelle n&#8217;est possible que pour les personnes majeures.<br \/>\nPour les mineurs, une inscription Famille doit \u00eatre prise par un majeur responsable l\u00e9gal du mineur.<\/p>\n<div><\/div>\n","protected":false},"excerpt":{"rendered":"<p>Les adh\u00e9sions sont maintenant possible &#8220;en ligne&#8221; (voir la sous-page Adh\u00e9sions) et les formulaires d&#8217;inscriptions des enfants \u00e0 des activit\u00e9s sont disponibles dans les sous-pages suivantes. Nous vous rappelons que l&#8217;adh\u00e9sion annuelle (individuelle ou famille) est n\u00e9cessaire pour toute inscription &hellip; <a href=\"https:\/\/mnbruchepiemont.org\/?page_id=1052\">Continuer la lecture <span class=\"meta-nav\">&rarr;<\/span><\/a><\/p>\n","protected":false},"author":8,"featured_media":0,"parent":0,"menu_order":0,"comment_status":"closed","ping_status":"closed","template":"","meta":{"footnotes":""},"class_list":["post-1052","page","type-page","status-publish","hentry"],"_links":{"self":[{"href":"https:\/\/mnbruchepiemont.org\/index.php?rest_route=\/wp\/v2\/pages\/1052","targetHints":{"allow":["GET"]}}],"collection":[{"href":"https:\/\/mnbruchepiemont.org\/index.php?rest_route=\/wp\/v2\/pages"}],"about":[{"href":"https:\/\/mnbruchepiemont.org\/index.php?rest_route=\/wp\/v2\/types\/page"}],"author":[{"embeddable":true,"href":"https:\/\/mnbruchepiemont.org\/index.php?rest_route=\/wp\/v2\/users\/8"}],"replies":[{"embeddable":true,"href":"https:\/\/mnbruchepiemont.org\/index.php?rest_route=%2Fwp%2Fv2%2Fcomments&post=1052"}],"version-history":[{"count":28,"href":"https:\/\/mnbruchepiemont.org\/index.php?rest_route=\/wp\/v2\/pages\/1052\/revisions"}],"predecessor-version":[{"id":5920,"href":"https:\/\/mnbruchepiemont.org\/index.php?rest_route=\/wp\/v2\/pages\/1052\/revisions\/5920"}],"wp:attachment":[{"href":"https:\/\/mnbruchepiemont.org\/index.php?rest_route=%2Fwp%2Fv2%2Fmedia&parent=1052"}],"curies":[{"name":"wp","href":"https:\/\/api.w.org\/{rel}","templated":true}]}}